{"id":1039,"date":"2026-05-04T12:05:23","date_gmt":"2026-05-04T10:05:23","guid":{"rendered":"http:\/\/localhost\/wordpress_ITWorkers\/?page_id=1039"},"modified":"2026-05-06T15:21:45","modified_gmt":"2026-05-06T13:21:45","slug":"systemes-dalarme","status":"publish","type":"page","link":"https:\/\/www.itworkers.fr\/index.php\/systemes-dalarme\/","title":{"rendered":"Syst\u00e8mes d&rsquo;alarme"},"content":{"rendered":"\t\t<div data-elementor-type=\"wp-page\" data-elementor-id=\"1039\" class=\"elementor elementor-1039\" data-elementor-post-type=\"page\">\n\t\t\t\t<div class=\"elementor-element elementor-element-d40e369 e-con-full e-flex e-con e-parent\" data-id=\"d40e369\" data-element_type=\"container\" data-e-type=\"container\" data-settings=\"{&quot;background_background&quot;:&quot;classic&quot;}\">\n\t\t\t\t<div class=\"elementor-element elementor-element-daf71f3 elementor-widget elementor-widget-text-editor\" data-id=\"daf71f3\" data-element_type=\"widget\" data-e-type=\"widget\" data-widget_type=\"text-editor.default\">\n\t\t\t\t\t\t\t\t\t<p>Equipez-vous d\u2019un \u00e9cosyst\u00e8me reconnu du monde professionnel.<\/p>\t\t\t\t\t\t\t\t<\/div>\n\t\t\t\t<div class=\"elementor-element elementor-element-5aefe75 elementor-widget elementor-widget-heading\" data-id=\"5aefe75\" data-element_type=\"widget\" data-e-type=\"widget\" data-widget_type=\"heading.default\">\n\t\t\t\t\t<h2 class=\"elementor-heading-title elementor-size-default\">Syst\u00e8mes d\u2019alarme<\/h2>\t\t\t\t<\/div>\n\t\t\t\t<\/div>\n\t\t<div class=\"elementor-element elementor-element-258ccf4 e-con-full e-flex e-con e-parent\" data-id=\"258ccf4\" data-element_type=\"container\" data-e-type=\"container\">\n\t\t<div class=\"elementor-element elementor-element-c2c64fa e-con-full e-flex e-con e-child\" data-id=\"c2c64fa\" data-element_type=\"container\" data-e-type=\"container\" data-settings=\"{&quot;background_background&quot;:&quot;classic&quot;}\">\n\t\t\t\t<\/div>\n\t\t<div class=\"elementor-element elementor-element-fe80710 e-con-full e-flex e-con e-child\" data-id=\"fe80710\" data-element_type=\"container\" data-e-type=\"container\">\n\t\t\t\t<div class=\"elementor-element elementor-element-70a1f82 elementor-widget elementor-widget-heading\" data-id=\"70a1f82\" data-element_type=\"widget\" data-e-type=\"widget\" data-widget_type=\"heading.default\">\n\t\t\t\t\t<h2 class=\"elementor-heading-title elementor-size-default\">Nos syst\u00e8mes d'alarme<\/h2>\t\t\t\t<\/div>\n\t\t\t\t<div class=\"elementor-element elementor-element-f121cf1 elementor-widget elementor-widget-text-editor\" data-id=\"f121cf1\" data-element_type=\"widget\" data-e-type=\"widget\" data-widget_type=\"text-editor.default\">\n\t\t\t\t\t\t\t\t\t<p>Les produits d&rsquo;alarme sont des solutions id\u00e9ales pour de nombreux sc\u00e9narios : zones r\u00e9sidentielles, petites entreprises, campus ou espaces ouverts, etc.<\/p><p>Notre gamme offre un large \u00e9ventail de produits con\u00e7us pour construire une protection fiable dans n&rsquo;importe quelle condition.<\/p><p><strong>Disponible uniquement en location<\/strong><\/p>\t\t\t\t\t\t\t\t<\/div>\n\t\t\t\t<div class=\"elementor-element elementor-element-49ebbb3 elementor-widget elementor-widget-button\" data-id=\"49ebbb3\" data-element_type=\"widget\" data-e-type=\"widget\" data-widget_type=\"button.default\">\n\t\t\t\t\t\t\t\t\t\t<a class=\"elementor-button elementor-button-link elementor-size-sm\" href=\"https:\/\/www.itworkers.fr\/index.php\/contact\/\">\n\t\t\t\t\t\t<span class=\"elementor-button-content-wrapper\">\n\t\t\t\t\t\t\t\t\t<span class=\"elementor-button-text\">Prendre contact<\/span>\n\t\t\t\t\t<\/span>\n\t\t\t\t\t<\/a>\n\t\t\t\t\t\t\t\t<\/div>\n\t\t\t\t<\/div>\n\t\t\t\t<\/div>\n\t\t<div class=\"elementor-element elementor-element-fd415e4 e-con-full e-flex e-con e-parent\" data-id=\"fd415e4\" data-element_type=\"container\" data-e-type=\"container\">\n\t\t\t\t<div class=\"elementor-element elementor-element-d426f3b elementor-widget elementor-widget-heading\" data-id=\"d426f3b\" data-element_type=\"widget\" data-e-type=\"widget\" data-widget_type=\"heading.default\">\n\t\t\t\t\t<h2 class=\"elementor-heading-title elementor-size-default\">Produits disponibles<\/h2>\t\t\t\t<\/div>\n\t\t<div class=\"elementor-element elementor-element-f676621 e-flex e-con-boxed e-con e-child\" data-id=\"f676621\" data-element_type=\"container\" data-e-type=\"container\">\n\t\t\t\t\t<div class=\"e-con-inner\">\n\t\t<div class=\"elementor-element elementor-element-413dacf e-con-full e-flex e-con e-child\" data-id=\"413dacf\" data-element_type=\"container\" data-e-type=\"container\">\n\t\t\t\t<div class=\"elementor-element elementor-element-410c40b elementor-widget elementor-widget-image\" data-id=\"410c40b\" data-element_type=\"widget\" data-e-type=\"widget\" data-widget_type=\"image.default\">\n\t\t\t\t\t\t\t\t\t\t\t\t\t\t\t<img fetchpriority=\"high\" decoding=\"async\" width=\"800\" height=\"450\" src=\"https:\/\/www.itworkers.fr\/wp-content\/uploads\/2026\/05\/DS-PWA96-M-WE_image_3-1024x576.png\" class=\"elementor-animation-grow attachment-large size-large wp-image-1049\" alt=\"Hub de contr\u00f4le central pour syst\u00e8me d&#039;alarme sans fil intelligent.\" srcset=\"https:\/\/www.itworkers.fr\/wp-content\/uploads\/2026\/05\/DS-PWA96-M-WE_image_3-1024x576.png 1024w, https:\/\/www.itworkers.fr\/wp-content\/uploads\/2026\/05\/DS-PWA96-M-WE_image_3-300x169.png 300w, https:\/\/www.itworkers.fr\/wp-content\/uploads\/2026\/05\/DS-PWA96-M-WE_image_3-768x432.png 768w, https:\/\/www.itworkers.fr\/wp-content\/uploads\/2026\/05\/DS-PWA96-M-WE_image_3-1536x864.png 1536w, https:\/\/www.itworkers.fr\/wp-content\/uploads\/2026\/05\/DS-PWA96-M-WE_image_3-2048x1152.png 2048w\" sizes=\"(max-width: 800px) 100vw, 800px\" \/>\t\t\t\t\t\t\t\t\t\t\t\t\t\t\t<\/div>\n\t\t\t\t<div class=\"elementor-element elementor-element-83b7425 elementor-widget elementor-widget-heading\" data-id=\"83b7425\" data-element_type=\"widget\" data-e-type=\"widget\" data-widget_type=\"heading.default\">\n\t\t\t\t\t<h2 class=\"elementor-heading-title elementor-size-default\">Panneaux de contr\u00f4le<\/h2>\t\t\t\t<\/div>\n\t\t\t\t<\/div>\n\t\t<div class=\"elementor-element elementor-element-df15048 e-con-full e-flex e-con e-child\" data-id=\"df15048\" data-element_type=\"container\" data-e-type=\"container\">\n\t\t\t\t<div class=\"elementor-element elementor-element-6f4cadc elementor-widget elementor-widget-image\" data-id=\"6f4cadc\" data-element_type=\"widget\" data-e-type=\"widget\" data-widget_type=\"image.default\">\n\t\t\t\t\t\t\t\t\t\t\t\t\t\t\t<img decoding=\"async\" width=\"800\" height=\"535\" src=\"https:\/\/www.itworkers.fr\/wp-content\/uploads\/2026\/05\/DS-PDEB1-EG2-WEB_image_1-1024x685.png\" class=\"elementor-animation-grow attachment-large size-large wp-image-1045\" alt=\"Bouton d&#039;urgence mural rouge et blanc pour assistance imm\u00e9diate.\" srcset=\"https:\/\/www.itworkers.fr\/wp-content\/uploads\/2026\/05\/DS-PDEB1-EG2-WEB_image_1-1024x685.png 1024w, https:\/\/www.itworkers.fr\/wp-content\/uploads\/2026\/05\/DS-PDEB1-EG2-WEB_image_1-300x201.png 300w, https:\/\/www.itworkers.fr\/wp-content\/uploads\/2026\/05\/DS-PDEB1-EG2-WEB_image_1-768x513.png 768w, https:\/\/www.itworkers.fr\/wp-content\/uploads\/2026\/05\/DS-PDEB1-EG2-WEB_image_1-1536x1027.png 1536w, https:\/\/www.itworkers.fr\/wp-content\/uploads\/2026\/05\/DS-PDEB1-EG2-WEB_image_1-2048x1369.png 2048w\" sizes=\"(max-width: 800px) 100vw, 800px\" \/>\t\t\t\t\t\t\t\t\t\t\t\t\t\t\t<\/div>\n\t\t\t\t<div class=\"elementor-element elementor-element-5043788 elementor-widget elementor-widget-heading\" data-id=\"5043788\" data-element_type=\"widget\" data-e-type=\"widget\" data-widget_type=\"heading.default\">\n\t\t\t\t\t<h2 class=\"elementor-heading-title elementor-size-default\">Bouton de panique et d\u2019urgence<\/h2>\t\t\t\t<\/div>\n\t\t\t\t<\/div>\n\t\t<div class=\"elementor-element elementor-element-3c39b97 e-con-full e-flex e-con e-child\" data-id=\"3c39b97\" data-element_type=\"container\" data-e-type=\"container\">\n\t\t\t\t<div class=\"elementor-element elementor-element-2ee8d48 elementor-widget elementor-widget-image\" data-id=\"2ee8d48\" data-element_type=\"widget\" data-e-type=\"widget\" data-widget_type=\"image.default\">\n\t\t\t\t\t\t\t\t\t\t\t\t\t\t\t<img decoding=\"async\" width=\"800\" height=\"414\" src=\"https:\/\/www.itworkers.fr\/wp-content\/uploads\/2026\/05\/DS-PM1-I16O2-WE_image_2-1024x530.png\" class=\"elementor-animation-grow attachment-large size-large wp-image-1048\" alt=\"Bo\u00eetier de contr\u00f4le mural blanc pour gestion des acc\u00e8s.\" srcset=\"https:\/\/www.itworkers.fr\/wp-content\/uploads\/2026\/05\/DS-PM1-I16O2-WE_image_2-1024x530.png 1024w, https:\/\/www.itworkers.fr\/wp-content\/uploads\/2026\/05\/DS-PM1-I16O2-WE_image_2-300x155.png 300w, https:\/\/www.itworkers.fr\/wp-content\/uploads\/2026\/05\/DS-PM1-I16O2-WE_image_2-768x398.png 768w, https:\/\/www.itworkers.fr\/wp-content\/uploads\/2026\/05\/DS-PM1-I16O2-WE_image_2-1536x796.png 1536w, https:\/\/www.itworkers.fr\/wp-content\/uploads\/2026\/05\/DS-PM1-I16O2-WE_image_2-2048x1061.png 2048w\" sizes=\"(max-width: 800px) 100vw, 800px\" \/>\t\t\t\t\t\t\t\t\t\t\t\t\t\t\t<\/div>\n\t\t\t\t<div class=\"elementor-element elementor-element-18e1bed elementor-widget elementor-widget-heading\" data-id=\"18e1bed\" data-element_type=\"widget\" data-e-type=\"widget\" data-widget_type=\"heading.default\">\n\t\t\t\t\t<h2 class=\"elementor-heading-title elementor-size-default\">R\u00e9cepteur sans fil<\/h2>\t\t\t\t<\/div>\n\t\t\t\t<\/div>\n\t\t<div class=\"elementor-element elementor-element-a3652eb e-con-full e-flex e-con e-child\" data-id=\"a3652eb\" data-element_type=\"container\" data-e-type=\"container\">\n\t\t\t\t<div class=\"elementor-element elementor-element-36b30d1 elementor-widget elementor-widget-image\" data-id=\"36b30d1\" data-element_type=\"widget\" data-e-type=\"widget\" data-widget_type=\"image.default\">\n\t\t\t\t\t\t\t\t\t\t\t\t\t\t\t<img loading=\"lazy\" decoding=\"async\" width=\"800\" height=\"450\" src=\"https:\/\/www.itworkers.fr\/wp-content\/uploads\/2026\/05\/DS-PDD12P-EG2-WE_image_1-1024x576.png\" class=\"elementor-animation-grow attachment-large size-large wp-image-1044\" alt=\"Capteur de mouvement PIR haute technologie pour d\u00e9tection d&#039;intrus.\" srcset=\"https:\/\/www.itworkers.fr\/wp-content\/uploads\/2026\/05\/DS-PDD12P-EG2-WE_image_1-1024x576.png 1024w, https:\/\/www.itworkers.fr\/wp-content\/uploads\/2026\/05\/DS-PDD12P-EG2-WE_image_1-300x169.png 300w, https:\/\/www.itworkers.fr\/wp-content\/uploads\/2026\/05\/DS-PDD12P-EG2-WE_image_1-768x432.png 768w, https:\/\/www.itworkers.fr\/wp-content\/uploads\/2026\/05\/DS-PDD12P-EG2-WE_image_1.png 1181w\" sizes=\"(max-width: 800px) 100vw, 800px\" \/>\t\t\t\t\t\t\t\t\t\t\t\t\t\t\t<\/div>\n\t\t\t\t<div class=\"elementor-element elementor-element-28394c5 elementor-widget elementor-widget-heading\" data-id=\"28394c5\" data-element_type=\"widget\" data-e-type=\"widget\" data-widget_type=\"heading.default\">\n\t\t\t\t\t<h2 class=\"elementor-heading-title elementor-size-default\">D\u00e9tecteur de mouvement<\/h2>\t\t\t\t<\/div>\n\t\t\t\t<\/div>\n\t\t<div class=\"elementor-element elementor-element-f207f44 e-con-full e-flex e-con e-child\" data-id=\"f207f44\" data-element_type=\"container\" data-e-type=\"container\">\n\t\t\t\t<div class=\"elementor-element elementor-element-976ff42 elementor-widget elementor-widget-image\" data-id=\"976ff42\" data-element_type=\"widget\" data-e-type=\"widget\" data-widget_type=\"image.default\">\n\t\t\t\t\t\t\t\t\t\t\t\t\t\t\t<img loading=\"lazy\" decoding=\"async\" width=\"800\" height=\"450\" src=\"https:\/\/www.itworkers.fr\/wp-content\/uploads\/2026\/05\/DS-PS1-I-WEB_Red_image_1-Grande-1024x576.png\" class=\"elementor-animation-grow attachment-large size-large wp-image-1053\" alt=\"Sir\u00e8ne d&#039;alarme circulaire blanche Hikvision pour syst\u00e8me d&#039;alerte sonore.\" srcset=\"https:\/\/www.itworkers.fr\/wp-content\/uploads\/2026\/05\/DS-PS1-I-WEB_Red_image_1-Grande-1024x576.png 1024w, https:\/\/www.itworkers.fr\/wp-content\/uploads\/2026\/05\/DS-PS1-I-WEB_Red_image_1-Grande-300x169.png 300w, https:\/\/www.itworkers.fr\/wp-content\/uploads\/2026\/05\/DS-PS1-I-WEB_Red_image_1-Grande-768x432.png 768w, https:\/\/www.itworkers.fr\/wp-content\/uploads\/2026\/05\/DS-PS1-I-WEB_Red_image_1-Grande.png 1280w\" sizes=\"(max-width: 800px) 100vw, 800px\" \/>\t\t\t\t\t\t\t\t\t\t\t\t\t\t\t<\/div>\n\t\t\t\t<div class=\"elementor-element elementor-element-c1e24e9 elementor-widget elementor-widget-heading\" data-id=\"c1e24e9\" data-element_type=\"widget\" data-e-type=\"widget\" data-widget_type=\"heading.default\">\n\t\t\t\t\t<h2 class=\"elementor-heading-title elementor-size-default\">Sir\u00e8ne<\/h2>\t\t\t\t<\/div>\n\t\t\t\t<\/div>\n\t\t\t\t\t<\/div>\n\t\t\t\t<\/div>\n\t\t<div class=\"elementor-element elementor-element-1f2d7e5 e-flex e-con-boxed e-con e-child\" data-id=\"1f2d7e5\" data-element_type=\"container\" data-e-type=\"container\">\n\t\t\t\t\t<div class=\"e-con-inner\">\n\t\t<div class=\"elementor-element elementor-element-e574417 e-con-full e-flex e-con e-child\" data-id=\"e574417\" data-element_type=\"container\" data-e-type=\"container\">\n\t\t\t\t<div class=\"elementor-element elementor-element-d0b990d elementor-widget elementor-widget-image\" data-id=\"d0b990d\" data-element_type=\"widget\" data-e-type=\"widget\" data-widget_type=\"image.default\">\n\t\t\t\t\t\t\t\t\t\t\t\t\t\t\t<img loading=\"lazy\" decoding=\"async\" width=\"800\" height=\"450\" src=\"https:\/\/www.itworkers.fr\/wp-content\/uploads\/2026\/05\/DS-PDSMK-S-WE_image_1-1024x576.png\" class=\"elementor-animation-grow attachment-large size-large wp-image-1046\" alt=\"D\u00e9tecteur de fum\u00e9e et incendie connect\u00e9 pour protection domestique.\" srcset=\"https:\/\/www.itworkers.fr\/wp-content\/uploads\/2026\/05\/DS-PDSMK-S-WE_image_1-1024x576.png 1024w, https:\/\/www.itworkers.fr\/wp-content\/uploads\/2026\/05\/DS-PDSMK-S-WE_image_1-300x169.png 300w, https:\/\/www.itworkers.fr\/wp-content\/uploads\/2026\/05\/DS-PDSMK-S-WE_image_1-768x432.png 768w, https:\/\/www.itworkers.fr\/wp-content\/uploads\/2026\/05\/DS-PDSMK-S-WE_image_1-1536x864.png 1536w, https:\/\/www.itworkers.fr\/wp-content\/uploads\/2026\/05\/DS-PDSMK-S-WE_image_1-2048x1152.png 2048w\" sizes=\"(max-width: 800px) 100vw, 800px\" \/>\t\t\t\t\t\t\t\t\t\t\t\t\t\t\t<\/div>\n\t\t\t\t<div class=\"elementor-element elementor-element-b211258 elementor-widget elementor-widget-heading\" data-id=\"b211258\" data-element_type=\"widget\" data-e-type=\"widget\" data-widget_type=\"heading.default\">\n\t\t\t\t\t<h2 class=\"elementor-heading-title elementor-size-default\">D\u00e9tecteur de fum\u00e9e \/  Chaleur \/ CO2<\/h2>\t\t\t\t<\/div>\n\t\t\t\t<\/div>\n\t\t<div class=\"elementor-element elementor-element-5540783 e-con-full e-flex e-con e-child\" data-id=\"5540783\" data-element_type=\"container\" data-e-type=\"container\">\n\t\t\t\t<div class=\"elementor-element elementor-element-e7ded57 elementor-widget elementor-widget-image\" data-id=\"e7ded57\" data-element_type=\"widget\" data-e-type=\"widget\" data-widget_type=\"image.default\">\n\t\t\t\t\t\t\t\t\t\t\t\t\t\t\t<img loading=\"lazy\" decoding=\"async\" width=\"800\" height=\"450\" src=\"https:\/\/www.itworkers.fr\/wp-content\/uploads\/2026\/05\/DS-PK1-E-WE_image_1-1024x576.png\" class=\"elementor-animation-grow attachment-large size-large wp-image-1047\" alt=\"Clavier tactile de s\u00e9curit\u00e9 pour activation et d\u00e9sactivation d&#039;alarme.\" srcset=\"https:\/\/www.itworkers.fr\/wp-content\/uploads\/2026\/05\/DS-PK1-E-WE_image_1-1024x576.png 1024w, https:\/\/www.itworkers.fr\/wp-content\/uploads\/2026\/05\/DS-PK1-E-WE_image_1-300x169.png 300w, https:\/\/www.itworkers.fr\/wp-content\/uploads\/2026\/05\/DS-PK1-E-WE_image_1-768x432.png 768w, https:\/\/www.itworkers.fr\/wp-content\/uploads\/2026\/05\/DS-PK1-E-WE_image_1-1536x864.png 1536w, https:\/\/www.itworkers.fr\/wp-content\/uploads\/2026\/05\/DS-PK1-E-WE_image_1-2048x1152.png 2048w\" sizes=\"(max-width: 800px) 100vw, 800px\" \/>\t\t\t\t\t\t\t\t\t\t\t\t\t\t\t<\/div>\n\t\t\t\t<div class=\"elementor-element elementor-element-8bc4100 elementor-widget elementor-widget-heading\" data-id=\"8bc4100\" data-element_type=\"widget\" data-e-type=\"widget\" data-widget_type=\"heading.default\">\n\t\t\t\t\t<h2 class=\"elementor-heading-title elementor-size-default\">Clavier LCD et LED<\/h2>\t\t\t\t<\/div>\n\t\t\t\t<\/div>\n\t\t<div class=\"elementor-element elementor-element-fd0e800 e-con-full e-flex e-con e-child\" data-id=\"fd0e800\" data-element_type=\"container\" data-e-type=\"container\">\n\t\t\t\t<div class=\"elementor-element elementor-element-71dc016 elementor-widget elementor-widget-image\" data-id=\"71dc016\" data-element_type=\"widget\" data-e-type=\"widget\" data-widget_type=\"image.default\">\n\t\t\t\t\t\t\t\t\t\t\t\t\t\t\t<img loading=\"lazy\" decoding=\"async\" width=\"458\" height=\"458\" src=\"https:\/\/www.itworkers.fr\/wp-content\/uploads\/2026\/05\/hikvision-telecommande-pour-ax-hub.jpg.png\" class=\"elementor-animation-grow attachment-large size-large wp-image-1050\" alt=\"T\u00e9l\u00e9commande de poche avec bouton panique pour syst\u00e8me de s\u00e9curit\u00e9.\" srcset=\"https:\/\/www.itworkers.fr\/wp-content\/uploads\/2026\/05\/hikvision-telecommande-pour-ax-hub.jpg.png 458w, https:\/\/www.itworkers.fr\/wp-content\/uploads\/2026\/05\/hikvision-telecommande-pour-ax-hub.jpg-300x300.png 300w, https:\/\/www.itworkers.fr\/wp-content\/uploads\/2026\/05\/hikvision-telecommande-pour-ax-hub.jpg-150x150.png 150w\" sizes=\"(max-width: 458px) 100vw, 458px\" \/>\t\t\t\t\t\t\t\t\t\t\t\t\t\t\t<\/div>\n\t\t\t\t<div class=\"elementor-element elementor-element-75e7019 elementor-widget elementor-widget-heading\" data-id=\"75e7019\" data-element_type=\"widget\" data-e-type=\"widget\" data-widget_type=\"heading.default\">\n\t\t\t\t\t<h2 class=\"elementor-heading-title elementor-size-default\">Porte-cl\u00e9s sans fil<\/h2>\t\t\t\t<\/div>\n\t\t\t\t<\/div>\n\t\t<div class=\"elementor-element elementor-element-56a368a e-con-full e-flex e-con e-child\" data-id=\"56a368a\" data-element_type=\"container\" data-e-type=\"container\">\n\t\t\t\t<div class=\"elementor-element elementor-element-0799445 elementor-widget elementor-widget-image\" data-id=\"0799445\" data-element_type=\"widget\" data-e-type=\"widget\" data-widget_type=\"image.default\">\n\t\t\t\t\t\t\t\t\t\t\t\t\t\t\t<img loading=\"lazy\" decoding=\"async\" width=\"800\" height=\"800\" src=\"https:\/\/www.itworkers.fr\/wp-content\/uploads\/2026\/05\/i.jpg\" class=\"elementor-animation-grow attachment-large size-large wp-image-1051\" alt=\"D\u00e9tecteur d&#039;ouverture de porte et fen\u00eatre sans fil Hikvision.\" srcset=\"https:\/\/www.itworkers.fr\/wp-content\/uploads\/2026\/05\/i.jpg 1000w, https:\/\/www.itworkers.fr\/wp-content\/uploads\/2026\/05\/i-300x300.jpg 300w, https:\/\/www.itworkers.fr\/wp-content\/uploads\/2026\/05\/i-150x150.jpg 150w, https:\/\/www.itworkers.fr\/wp-content\/uploads\/2026\/05\/i-768x768.jpg 768w\" sizes=\"(max-width: 800px) 100vw, 800px\" \/>\t\t\t\t\t\t\t\t\t\t\t\t\t\t\t<\/div>\n\t\t\t\t<div class=\"elementor-element elementor-element-fe9bc6d elementor-widget elementor-widget-heading\" data-id=\"fe9bc6d\" data-element_type=\"widget\" data-e-type=\"widget\" data-widget_type=\"heading.default\">\n\t\t\t\t\t<h2 class=\"elementor-heading-title elementor-size-default\">D\u00e9tecteur d\u2019ouverture de porte<\/h2>\t\t\t\t<\/div>\n\t\t\t\t<\/div>\n\t\t<div class=\"elementor-element elementor-element-d0cdf13 e-con-full e-flex e-con e-child\" data-id=\"d0cdf13\" data-element_type=\"container\" data-e-type=\"container\">\n\t\t\t\t<div class=\"elementor-element elementor-element-e7943c6 elementor-widget elementor-widget-image\" data-id=\"e7943c6\" data-element_type=\"widget\" data-e-type=\"widget\" data-widget_type=\"image.default\">\n\t\t\t\t\t\t\t\t\t\t\t\t\t\t\t<img loading=\"lazy\" decoding=\"async\" width=\"571\" height=\"1024\" src=\"https:\/\/www.itworkers.fr\/wp-content\/uploads\/2026\/05\/Wired-BG\u900f\u89c6\u56fe.png-571x1024.jpeg\" class=\"elementor-animation-grow attachment-large size-large wp-image-1052\" alt=\"D\u00e9tecteur de rupture de verre pour syst\u00e8me s\u00e9curit\u00e9.\" srcset=\"https:\/\/www.itworkers.fr\/wp-content\/uploads\/2026\/05\/Wired-BG\u900f\u89c6\u56fe.png-571x1024.jpeg 571w, https:\/\/www.itworkers.fr\/wp-content\/uploads\/2026\/05\/Wired-BG\u900f\u89c6\u56fe.png-167x300.jpeg 167w, https:\/\/www.itworkers.fr\/wp-content\/uploads\/2026\/05\/Wired-BG\u900f\u89c6\u56fe.png-768x1377.jpeg 768w, https:\/\/www.itworkers.fr\/wp-content\/uploads\/2026\/05\/Wired-BG\u900f\u89c6\u56fe.png.jpeg 800w\" sizes=\"(max-width: 571px) 100vw, 571px\" \/>\t\t\t\t\t\t\t\t\t\t\t\t\t\t\t<\/div>\n\t\t\t\t<div class=\"elementor-element elementor-element-aac8599 elementor-widget elementor-widget-heading\" data-id=\"aac8599\" data-element_type=\"widget\" data-e-type=\"widget\" data-widget_type=\"heading.default\">\n\t\t\t\t\t<h2 class=\"elementor-heading-title elementor-size-default\">D\u00e9tecteur de rupture\nde verre<\/h2>\t\t\t\t<\/div>\n\t\t\t\t<\/div>\n\t\t\t\t\t<\/div>\n\t\t\t\t<\/div>\n\t\t\t\t<\/div>\n\t\t<div class=\"elementor-element elementor-element-6b097d17 e-flex e-con-boxed e-con e-parent\" data-id=\"6b097d17\" data-element_type=\"container\" data-e-type=\"container\" data-settings=\"{&quot;background_background&quot;:&quot;classic&quot;}\">\n\t\t\t\t\t<div class=\"e-con-inner\">\n\t\t\t\t<div class=\"elementor-element elementor-element-5331362f elementor-widget elementor-widget-heading\" data-id=\"5331362f\" data-element_type=\"widget\" data-e-type=\"widget\" data-widget_type=\"heading.default\">\n\t\t\t\t\t<h2 class=\"elementor-heading-title elementor-size-default\">Vous souhaitez louer votre syst\u00e8me de s\u00e9curit\u00e9 ?<\/h2>\t\t\t\t<\/div>\n\t\t\t\t<div class=\"elementor-element elementor-element-369ae768 elementor-widget elementor-widget-button\" data-id=\"369ae768\" data-element_type=\"widget\" data-e-type=\"widget\" data-widget_type=\"button.default\">\n\t\t\t\t\t\t\t\t\t\t<a class=\"elementor-button elementor-button-link elementor-size-sm\" href=\"https:\/\/www.itworkers.fr\/index.php\/contact\/\">\n\t\t\t\t\t\t<span class=\"elementor-button-content-wrapper\">\n\t\t\t\t\t\t\t\t\t<span class=\"elementor-button-text\">Prendre contact<\/span>\n\t\t\t\t\t<\/span>\n\t\t\t\t\t<\/a>\n\t\t\t\t\t\t\t\t<\/div>\n\t\t\t\t\t<\/div>\n\t\t\t\t<\/div>\n\t\t\t\t<\/div>\n\t\t","protected":false},"excerpt":{"rendered":"<p>Equipez-vous d\u2019un \u00e9cosyst\u00e8me reconnu du monde professionnel. Syst\u00e8mes d\u2019alarme Nos syst\u00e8mes d&rsquo;alarme Les produits d&rsquo;alarme sont des solutions id\u00e9ales pour de nombreux sc\u00e9narios : zones r\u00e9sidentielles, petites entreprises, campus ou espaces ouverts, etc. Notre gamme offre un large \u00e9ventail de produits con\u00e7us pour construire une protection fiable dans n&rsquo;importe quelle condition. Disponible uniquement en location [&hellip;]<\/p>\n","protected":false},"author":1,"featured_media":0,"parent":0,"menu_order":0,"comment_status":"closed","ping_status":"closed","template":"","meta":{"footnotes":""},"class_list":["post-1039","page","type-page","status-publish","hentry"],"_links":{"self":[{"href":"https:\/\/www.itworkers.fr\/index.php\/wp-json\/wp\/v2\/pages\/1039","targetHints":{"allow":["GET"]}}],"collection":[{"href":"https:\/\/www.itworkers.fr\/index.php\/wp-json\/wp\/v2\/pages"}],"about":[{"href":"https:\/\/www.itworkers.fr\/index.php\/wp-json\/wp\/v2\/types\/page"}],"author":[{"embeddable":true,"href":"https:\/\/www.itworkers.fr\/index.php\/wp-json\/wp\/v2\/users\/1"}],"replies":[{"embeddable":true,"href":"https:\/\/www.itworkers.fr\/index.php\/wp-json\/wp\/v2\/comments?post=1039"}],"version-history":[{"count":0,"href":"https:\/\/www.itworkers.fr\/index.php\/wp-json\/wp\/v2\/pages\/1039\/revisions"}],"wp:attachment":[{"href":"https:\/\/www.itworkers.fr\/index.php\/wp-json\/wp\/v2\/media?parent=1039"}],"curies":[{"name":"wp","href":"https:\/\/api.w.org\/{rel}","templated":true}]}}