{"id":1142,"date":"2026-05-04T17:42:20","date_gmt":"2026-05-04T15:42:20","guid":{"rendered":"http:\/\/localhost\/wordpress_ITWorkers\/?page_id=1142"},"modified":"2026-05-04T18:08:12","modified_gmt":"2026-05-04T16:08:12","slug":"politique-de-confidentialite-cookies","status":"publish","type":"page","link":"https:\/\/www.itworkers.fr\/index.php\/politique-de-confidentialite-cookies\/","title":{"rendered":"Politique de confidentialit\u00e9 &amp; cookies"},"content":{"rendered":"\t\t<div data-elementor-type=\"wp-page\" data-elementor-id=\"1142\" class=\"elementor elementor-1142\" data-elementor-post-type=\"page\">\n\t\t\t\t<div class=\"elementor-element elementor-element-f1c8c1e e-con-full e-flex e-con e-parent\" data-id=\"f1c8c1e\" data-element_type=\"container\" data-e-type=\"container\">\n\t\t\t\t<div class=\"elementor-element elementor-element-e0ead83 elementor-widget elementor-widget-heading\" data-id=\"e0ead83\" data-element_type=\"widget\" data-e-type=\"widget\" data-widget_type=\"heading.default\">\n\t\t\t\t\t<h2 class=\"elementor-heading-title elementor-size-default\">Politique de confidentialit\u00e9 et cookies \u2013 IT WORKERS<\/h2>\t\t\t\t<\/div>\n\t\t\t\t<div class=\"elementor-element elementor-element-b9b4c81 elementor-widget elementor-widget-heading\" data-id=\"b9b4c81\" data-element_type=\"widget\" data-e-type=\"widget\" data-widget_type=\"heading.default\">\n\t\t\t\t\t<h3 class=\"elementor-heading-title elementor-size-default\">Pr\u00e9ambule<\/h3>\t\t\t\t<\/div>\n\t\t\t\t<div class=\"elementor-element elementor-element-cd0c0b8 elementor-widget elementor-widget-text-editor\" data-id=\"cd0c0b8\" data-element_type=\"widget\" data-e-type=\"widget\" data-widget_type=\"text-editor.default\">\n\t\t\t\t\t\t\t\t\t<p class=\"p1\">La pr\u00e9sente politique de confidentialit\u00e9 a pour objectif d\u2019informer les utilisateurs du site de IT WORKERS sur la collecte et l\u2019utilisation de leurs donn\u00e9es personnelles.<\/p>\t\t\t\t\t\t\t\t<\/div>\n\t\t\t\t<div class=\"elementor-element elementor-element-0a9c64c elementor-widget elementor-widget-heading\" data-id=\"0a9c64c\" data-element_type=\"widget\" data-e-type=\"widget\" data-widget_type=\"heading.default\">\n\t\t\t\t\t<h3 class=\"elementor-heading-title elementor-size-default\">Responsable du traitement<\/h3>\t\t\t\t<\/div>\n\t\t\t\t<div class=\"elementor-element elementor-element-fe7b75f elementor-widget elementor-widget-text-editor\" data-id=\"fe7b75f\" data-element_type=\"widget\" data-e-type=\"widget\" data-widget_type=\"text-editor.default\">\n\t\t\t\t\t\t\t\t\t<p class=\"p1\">Les donn\u00e9es personnelles sont collect\u00e9es par :<\/p><p class=\"p1\"><b>IT WORKERS<\/b><br \/>SAS au capital de 1 000,00 \u20ac<br \/>Si\u00e8ge social : 6 RPT SAINT MARC, 22300 LANNION<br \/>SIRET : 849 545 967 00028<\/p><p class=\"p2\">Responsable :<br \/>Monsieur Ma\u00ebl Maurice Henri SIDANER<br \/>Email : contact@itworkers.fr<\/p>\t\t\t\t\t\t\t\t<\/div>\n\t\t\t\t<div class=\"elementor-element elementor-element-918fa69 elementor-widget elementor-widget-heading\" data-id=\"918fa69\" data-element_type=\"widget\" data-e-type=\"widget\" data-widget_type=\"heading.default\">\n\t\t\t\t\t<h3 class=\"elementor-heading-title elementor-size-default\">Donn\u00e9es collect\u00e9es<\/h3>\t\t\t\t<\/div>\n\t\t\t\t<div class=\"elementor-element elementor-element-8ef5eeb elementor-widget elementor-widget-text-editor\" data-id=\"8ef5eeb\" data-element_type=\"widget\" data-e-type=\"widget\" data-widget_type=\"text-editor.default\">\n\t\t\t\t\t\t\t\t\t<p class=\"p1\">Les donn\u00e9es suivantes peuvent \u00eatre collect\u00e9es via le site :<\/p><ul><li>Nom et pr\u00e9nom<\/li><li>Adresse email<\/li><li>Contenu du message (formulaire de contact)<\/li><li>Donn\u00e9es de navigation (via cookies)<\/li><\/ul>\t\t\t\t\t\t\t\t<\/div>\n\t\t\t\t<div class=\"elementor-element elementor-element-d4d1d05 elementor-widget elementor-widget-heading\" data-id=\"d4d1d05\" data-element_type=\"widget\" data-e-type=\"widget\" data-widget_type=\"heading.default\">\n\t\t\t\t\t<h3 class=\"elementor-heading-title elementor-size-default\">Finalit\u00e9 de la collecte<\/h3>\t\t\t\t<\/div>\n\t\t\t\t<div class=\"elementor-element elementor-element-5c57ae2 elementor-widget elementor-widget-text-editor\" data-id=\"5c57ae2\" data-element_type=\"widget\" data-e-type=\"widget\" data-widget_type=\"text-editor.default\">\n\t\t\t\t\t\t\t\t\t<p class=\"p1\">Les donn\u00e9es sont collect\u00e9es pour :<\/p><ul><li>R\u00e9pondre aux demandes envoy\u00e9es via le formulaire de contact<\/li><li>Am\u00e9liorer l\u2019exp\u00e9rience utilisateur<\/li><li>Mesurer l\u2019audience du site<\/li><\/ul>\t\t\t\t\t\t\t\t<\/div>\n\t\t\t\t<div class=\"elementor-element elementor-element-550dfd4 elementor-widget elementor-widget-heading\" data-id=\"550dfd4\" data-element_type=\"widget\" data-e-type=\"widget\" data-widget_type=\"heading.default\">\n\t\t\t\t\t<h3 class=\"elementor-heading-title elementor-size-default\"><span style=\"white-space: normal\">Base l\u00e9gale<\/span><\/h3>\t\t\t\t<\/div>\n\t\t\t\t<div class=\"elementor-element elementor-element-aca982d elementor-widget elementor-widget-text-editor\" data-id=\"aca982d\" data-element_type=\"widget\" data-e-type=\"widget\" data-widget_type=\"text-editor.default\">\n\t\t\t\t\t\t\t\t\t<p class=\"p1\">Le traitement des donn\u00e9es repose sur :<\/p><ul><li>Le consentement de l\u2019utilisateur (formulaire et cookies)<\/li><li>L\u2019int\u00e9r\u00eat l\u00e9gitime (am\u00e9lioration du site)<\/li><\/ul>\t\t\t\t\t\t\t\t<\/div>\n\t\t\t\t<div class=\"elementor-element elementor-element-f1c18ad elementor-widget elementor-widget-heading\" data-id=\"f1c18ad\" data-element_type=\"widget\" data-e-type=\"widget\" data-widget_type=\"heading.default\">\n\t\t\t\t\t<h3 class=\"elementor-heading-title elementor-size-default\">Dur\u00e9e de conservation<\/h3>\t\t\t\t<\/div>\n\t\t\t\t<div class=\"elementor-element elementor-element-b4b1e65 elementor-widget elementor-widget-text-editor\" data-id=\"b4b1e65\" data-element_type=\"widget\" data-e-type=\"widget\" data-widget_type=\"text-editor.default\">\n\t\t\t\t\t\t\t\t\t<p class=\"p1\">Les donn\u00e9es sont conserv\u00e9es :<\/p><ul><li>Donn\u00e9es du formulaire : maximum 3 ans apr\u00e8s le dernier contact<\/li><li>Donn\u00e9es de navigation : 13 mois maximum<\/li><\/ul>\t\t\t\t\t\t\t\t<\/div>\n\t\t\t\t<div class=\"elementor-element elementor-element-2fee40c elementor-widget elementor-widget-heading\" data-id=\"2fee40c\" data-element_type=\"widget\" data-e-type=\"widget\" data-widget_type=\"heading.default\">\n\t\t\t\t\t<h3 class=\"elementor-heading-title elementor-size-default\">Stockage des donn\u00e9es<\/h3>\t\t\t\t<\/div>\n\t\t\t\t<div class=\"elementor-element elementor-element-afb0428 elementor-widget elementor-widget-text-editor\" data-id=\"afb0428\" data-element_type=\"widget\" data-e-type=\"widget\" data-widget_type=\"text-editor.default\">\n\t\t\t\t\t\t\t\t\t<p class=\"p1\">Les donn\u00e9es sont stock\u00e9es sur les serveurs de l\u2019h\u00e9bergeur du site, <span class=\"s1\"><b>OVHcloud<\/b><\/span>, situ\u00e9s dans l\u2019Union europ\u00e9enne.<\/p>\t\t\t\t\t\t\t\t<\/div>\n\t\t\t\t<div class=\"elementor-element elementor-element-7d6b33f elementor-widget elementor-widget-heading\" data-id=\"7d6b33f\" data-element_type=\"widget\" data-e-type=\"widget\" data-widget_type=\"heading.default\">\n\t\t\t\t\t<h3 class=\"elementor-heading-title elementor-size-default\">Partage des donn\u00e9es<\/h3>\t\t\t\t<\/div>\n\t\t\t\t<div class=\"elementor-element elementor-element-149ef9e elementor-widget elementor-widget-text-editor\" data-id=\"149ef9e\" data-element_type=\"widget\" data-e-type=\"widget\" data-widget_type=\"text-editor.default\">\n\t\t\t\t\t\t\t\t\t<p class=\"p1\">Les donn\u00e9es ne sont pas vendues ni c\u00e9d\u00e9es \u00e0 des tiers.<\/p><p class=\"p2\">Elles peuvent \u00eatre trait\u00e9es par des outils techniques n\u00e9cessaires au fonctionnement du site, notamment :<\/p><ul><li>Google Analytics (mesure d\u2019audience)<\/li><\/ul>\t\t\t\t\t\t\t\t<\/div>\n\t\t\t\t<div class=\"elementor-element elementor-element-f9630d3 elementor-widget elementor-widget-heading\" data-id=\"f9630d3\" data-element_type=\"widget\" data-e-type=\"widget\" data-widget_type=\"heading.default\">\n\t\t\t\t\t<h3 class=\"elementor-heading-title elementor-size-default\">Droits des utilisateurs<\/h3>\t\t\t\t<\/div>\n\t\t\t\t<div class=\"elementor-element elementor-element-8ccdc2e elementor-widget elementor-widget-text-editor\" data-id=\"8ccdc2e\" data-element_type=\"widget\" data-e-type=\"widget\" data-widget_type=\"text-editor.default\">\n\t\t\t\t\t\t\t\t\t<p class=\"p1\">Conform\u00e9ment au RGPD, vous disposez des droits suivants :<\/p><ul><li>Droit d\u2019acc\u00e8s<\/li><li>Droit de rectification<\/li><li>Droit de suppression<\/li><li>Droit d\u2019opposition<\/li><li>Droit \u00e0 la portabilit\u00e9<\/li><\/ul><p class=\"p3\">Pour exercer ces droits : contact@itworkers.fr<\/p><p class=\"p4\">Une r\u00e9ponse sera apport\u00e9e dans un d\u00e9lai maximum de 1 mois.<\/p>\t\t\t\t\t\t\t\t<\/div>\n\t\t\t\t<div class=\"elementor-element elementor-element-a16a0e3 elementor-widget elementor-widget-heading\" data-id=\"a16a0e3\" data-element_type=\"widget\" data-e-type=\"widget\" data-widget_type=\"heading.default\">\n\t\t\t\t\t<h2 class=\"elementor-heading-title elementor-size-default\">Cookies<\/h2>\t\t\t\t<\/div>\n\t\t\t\t<div class=\"elementor-element elementor-element-6ef3cee elementor-widget elementor-widget-heading\" data-id=\"6ef3cee\" data-element_type=\"widget\" data-e-type=\"widget\" data-widget_type=\"heading.default\">\n\t\t\t\t\t<h3 class=\"elementor-heading-title elementor-size-default\">D\u00e9finition<\/h3>\t\t\t\t<\/div>\n\t\t\t\t<div class=\"elementor-element elementor-element-dde9735 elementor-widget elementor-widget-text-editor\" data-id=\"dde9735\" data-element_type=\"widget\" data-e-type=\"widget\" data-widget_type=\"text-editor.default\">\n\t\t\t\t\t\t\t\t\t<p class=\"p1\">Un cookie est un fichier stock\u00e9 sur votre appareil lors de la navigation sur un site internet.<\/p>\t\t\t\t\t\t\t\t<\/div>\n\t\t\t\t<div class=\"elementor-element elementor-element-d244518 elementor-widget elementor-widget-heading\" data-id=\"d244518\" data-element_type=\"widget\" data-e-type=\"widget\" data-widget_type=\"heading.default\">\n\t\t\t\t\t<h3 class=\"elementor-heading-title elementor-size-default\">Types de cookies utilis\u00e9s<\/h3>\t\t\t\t<\/div>\n\t\t\t\t<div class=\"elementor-element elementor-element-1fa330c elementor-widget elementor-widget-text-editor\" data-id=\"1fa330c\" data-element_type=\"widget\" data-e-type=\"widget\" data-widget_type=\"text-editor.default\">\n\t\t\t\t\t\t\t\t\t<p class=\"p1\">Le site utilise les cookies suivants :<\/p><p class=\"p2\"><b>Cookies essentiels<\/b><\/p><ul><li>N\u00e9cessaires au bon fonctionnement du site<\/li><\/ul><p class=\"p2\"><b>Cookies analytiques<\/b><\/p><ul><li>Google Analytics : mesure de l\u2019audience et des performances du site<\/li><\/ul>\t\t\t\t\t\t\t\t<\/div>\n\t\t\t\t<div class=\"elementor-element elementor-element-a44e393 elementor-widget elementor-widget-heading\" data-id=\"a44e393\" data-element_type=\"widget\" data-e-type=\"widget\" data-widget_type=\"heading.default\">\n\t\t\t\t\t<h3 class=\"elementor-heading-title elementor-size-default\">Consentement<\/h3>\t\t\t\t<\/div>\n\t\t\t\t<div class=\"elementor-element elementor-element-e0be6c7 elementor-widget elementor-widget-text-editor\" data-id=\"e0be6c7\" data-element_type=\"widget\" data-e-type=\"widget\" data-widget_type=\"text-editor.default\">\n\t\t\t\t\t\t\t\t\t<p class=\"p1\">Lors de votre premi\u00e8re visite sur le site, un bandeau vous informe de l\u2019utilisation des cookies et vous permet d\u2019accepter ou de refuser leur utilisation.<\/p><p class=\"p2\">Aucun cookie non essentiel n\u2019est d\u00e9pos\u00e9 sans votre consentement.<\/p>\t\t\t\t\t\t\t\t<\/div>\n\t\t\t\t<div class=\"elementor-element elementor-element-037a03e elementor-widget elementor-widget-heading\" data-id=\"037a03e\" data-element_type=\"widget\" data-e-type=\"widget\" data-widget_type=\"heading.default\">\n\t\t\t\t\t<h3 class=\"elementor-heading-title elementor-size-default\">Gestion des cookies<\/h3>\t\t\t\t<\/div>\n\t\t\t\t<div class=\"elementor-element elementor-element-16c8c2b elementor-widget elementor-widget-text-editor\" data-id=\"16c8c2b\" data-element_type=\"widget\" data-e-type=\"widget\" data-widget_type=\"text-editor.default\">\n\t\t\t\t\t\t\t\t\t<p class=\"p1\">Vous pouvez \u00e0 tout moment :<\/p><ul><li>Modifier vos pr\u00e9f\u00e9rences via le bandeau cookies<\/li><li>Configurer votre navigateur pour bloquer les cookies<\/li><\/ul>\t\t\t\t\t\t\t\t<\/div>\n\t\t\t\t<div class=\"elementor-element elementor-element-f045aca elementor-widget elementor-widget-heading\" data-id=\"f045aca\" data-element_type=\"widget\" data-e-type=\"widget\" data-widget_type=\"heading.default\">\n\t\t\t\t\t<h3 class=\"elementor-heading-title elementor-size-default\">S\u00e9curit\u00e9<\/h3>\t\t\t\t<\/div>\n\t\t\t\t<div class=\"elementor-element elementor-element-277d705 elementor-widget elementor-widget-text-editor\" data-id=\"277d705\" data-element_type=\"widget\" data-e-type=\"widget\" data-widget_type=\"text-editor.default\">\n\t\t\t\t\t\t\t\t\t<p class=\"p1\">IT WORKERS met en \u0153uvre des mesures techniques et organisationnelles appropri\u00e9es afin de prot\u00e9ger les donn\u00e9es personnelles contre toute perte, acc\u00e8s non autoris\u00e9 ou divulgation.<\/p>\t\t\t\t\t\t\t\t<\/div>\n\t\t\t\t<div class=\"elementor-element elementor-element-56c5347 elementor-widget elementor-widget-heading\" data-id=\"56c5347\" data-element_type=\"widget\" data-e-type=\"widget\" data-widget_type=\"heading.default\">\n\t\t\t\t\t<h3 class=\"elementor-heading-title elementor-size-default\">Modification de la politique<\/h3>\t\t\t\t<\/div>\n\t\t\t\t<div class=\"elementor-element elementor-element-8766353 elementor-widget elementor-widget-text-editor\" data-id=\"8766353\" data-element_type=\"widget\" data-e-type=\"widget\" data-widget_type=\"text-editor.default\">\n\t\t\t\t\t\t\t\t\t<p class=\"p1\">IT WORKERS se r\u00e9serve le droit de modifier la pr\u00e9sente politique \u00e0 tout moment afin d\u2019assurer sa conformit\u00e9 avec la l\u00e9gislation en vigueur.<\/p><p class=\"p2\">Derni\u00e8re mise \u00e0 jour : 04\/05\/2026<\/p>\t\t\t\t\t\t\t\t<\/div>\n\t\t\t\t<\/div>\n\t\t\t\t<\/div>\n\t\t","protected":false},"excerpt":{"rendered":"<p>Politique de confidentialit\u00e9 et cookies \u2013 IT WORKERS Pr\u00e9ambule La pr\u00e9sente politique de confidentialit\u00e9 a pour objectif d\u2019informer les utilisateurs du site de IT WORKERS sur la collecte et l\u2019utilisation de leurs donn\u00e9es personnelles. Responsable du traitement Les donn\u00e9es personnelles sont collect\u00e9es par : IT WORKERSSAS au capital de 1 000,00 \u20acSi\u00e8ge social : 6 [&hellip;]<\/p>\n","protected":false},"author":1,"featured_media":0,"parent":0,"menu_order":0,"comment_status":"closed","ping_status":"closed","template":"","meta":{"footnotes":""},"class_list":["post-1142","page","type-page","status-publish","hentry"],"_links":{"self":[{"href":"https:\/\/www.itworkers.fr\/index.php\/wp-json\/wp\/v2\/pages\/1142","targetHints":{"allow":["GET"]}}],"collection":[{"href":"https:\/\/www.itworkers.fr\/index.php\/wp-json\/wp\/v2\/pages"}],"about":[{"href":"https:\/\/www.itworkers.fr\/index.php\/wp-json\/wp\/v2\/types\/page"}],"author":[{"embeddable":true,"href":"https:\/\/www.itworkers.fr\/index.php\/wp-json\/wp\/v2\/users\/1"}],"replies":[{"embeddable":true,"href":"https:\/\/www.itworkers.fr\/index.php\/wp-json\/wp\/v2\/comments?post=1142"}],"version-history":[{"count":0,"href":"https:\/\/www.itworkers.fr\/index.php\/wp-json\/wp\/v2\/pages\/1142\/revisions"}],"wp:attachment":[{"href":"https:\/\/www.itworkers.fr\/index.php\/wp-json\/wp\/v2\/media?parent=1142"}],"curies":[{"name":"wp","href":"https:\/\/api.w.org\/{rel}","templated":true}]}}