{"id":1166,"date":"2026-05-04T18:10:00","date_gmt":"2026-05-04T16:10:00","guid":{"rendered":"http:\/\/localhost\/wordpress_ITWorkers\/?page_id=1166"},"modified":"2026-05-07T17:52:18","modified_gmt":"2026-05-07T15:52:18","slug":"qui-sommes-nous","status":"publish","type":"page","link":"https:\/\/www.itworkers.fr\/index.php\/qui-sommes-nous\/","title":{"rendered":"Qui sommes nous ?"},"content":{"rendered":"\t\t<div data-elementor-type=\"wp-page\" data-elementor-id=\"1166\" class=\"elementor elementor-1166\" data-elementor-post-type=\"page\">\n\t\t\t\t<div class=\"elementor-element elementor-element-6117ee3 e-con-full e-flex e-con e-parent\" data-id=\"6117ee3\" data-element_type=\"container\" data-e-type=\"container\" data-settings=\"{&quot;background_background&quot;:&quot;classic&quot;}\">\n\t\t\t\t<div class=\"elementor-element elementor-element-ca0369e elementor-widget elementor-widget-text-editor\" data-id=\"ca0369e\" data-element_type=\"widget\" data-e-type=\"widget\" data-widget_type=\"text-editor.default\">\n\t\t\t\t\t\t\t\t\t<p>L&rsquo;expertise d&rsquo;une \u00e9quipe technique compl\u00e8te, \u00e0 taille humaine et ancr\u00e9e \u00e0 Lannion.<\/p>\t\t\t\t\t\t\t\t<\/div>\n\t\t\t\t<div class=\"elementor-element elementor-element-bd17faa elementor-widget elementor-widget-heading\" data-id=\"bd17faa\" data-element_type=\"widget\" data-e-type=\"widget\" data-widget_type=\"heading.default\">\n\t\t\t\t\t<h2 class=\"elementor-heading-title elementor-size-default\">Qui sommes nous ? <\/h2>\t\t\t\t<\/div>\n\t\t\t\t<\/div>\n\t\t<div class=\"elementor-element elementor-element-d85ecf8 e-con-full e-flex e-con e-parent\" data-id=\"d85ecf8\" data-element_type=\"container\" data-e-type=\"container\">\n\t\t<div class=\"elementor-element elementor-element-3ca80d9 e-con-full e-flex e-con e-child\" data-id=\"3ca80d9\" data-element_type=\"container\" data-e-type=\"container\" data-settings=\"{&quot;background_background&quot;:&quot;classic&quot;}\">\n\t\t\t\t<\/div>\n\t\t<div class=\"elementor-element elementor-element-1c5ab40 e-con-full e-flex e-con e-child\" data-id=\"1c5ab40\" data-element_type=\"container\" data-e-type=\"container\">\n\t\t\t\t<div class=\"elementor-element elementor-element-15766db elementor-widget elementor-widget-heading\" data-id=\"15766db\" data-element_type=\"widget\" data-e-type=\"widget\" data-widget_type=\"heading.default\">\n\t\t\t\t\t<h2 class=\"elementor-heading-title elementor-size-default\">Une force technique \u00e0 taille humaine<\/h2>\t\t\t\t<\/div>\n\t\t\t\t<div class=\"elementor-element elementor-element-0457737 elementor-widget elementor-widget-text-editor\" data-id=\"0457737\" data-element_type=\"widget\" data-e-type=\"widget\" data-widget_type=\"text-editor.default\">\n\t\t\t\t\t\t\t\t\t<p>Depuis pr\u00e8s d&rsquo;une d\u00e9cennie,\u00a0ITWorkers\u00a0accompagne les entreprises dans leurs d\u00e9fis technologiques avec une philosophie simple : l\u2019efficacit\u00e9 sans la lourdeur.<\/p>\t\t\t\t\t\t\t\t<\/div>\n\t\t\t\t<\/div>\n\t\t\t\t<\/div>\n\t\t<div class=\"elementor-element elementor-element-6a94ca9 e-con-full e-flex e-con e-parent\" data-id=\"6a94ca9\" data-element_type=\"container\" data-e-type=\"container\">\n\t\t<div class=\"elementor-element elementor-element-a8a4544 e-con-full e-flex e-con e-child\" data-id=\"a8a4544\" data-element_type=\"container\" data-e-type=\"container\">\n\t\t\t\t<div class=\"elementor-element elementor-element-f998088 elementor-widget elementor-widget-text-editor\" data-id=\"f998088\" data-element_type=\"widget\" data-e-type=\"widget\" data-widget_type=\"text-editor.default\">\n\t\t\t\t\t\t\t\t\t<p>L\u00e0 o\u00f9 les grands groupes multiplient les interm\u00e9diaires, nous misons sur une\u00a0expertise technique large\u00a0et transversale, nous permettant d&rsquo;intervenir avec pr\u00e9cision sur des probl\u00e9matiques vari\u00e9es.<\/p>\t\t\t\t\t\t\t\t<\/div>\n\t\t\t\t<\/div>\n\t\t<div class=\"elementor-element elementor-element-de476b9 e-con-full e-flex e-con e-child\" data-id=\"de476b9\" data-element_type=\"container\" data-e-type=\"container\" data-settings=\"{&quot;background_background&quot;:&quot;classic&quot;}\">\n\t\t\t\t<\/div>\n\t\t\t\t<\/div>\n\t\t<div class=\"elementor-element elementor-element-5a6cf04 e-con-full e-flex e-con e-parent\" data-id=\"5a6cf04\" data-element_type=\"container\" data-e-type=\"container\">\n\t\t<div class=\"elementor-element elementor-element-304d6e7 e-con-full e-flex e-con e-child\" data-id=\"304d6e7\" data-element_type=\"container\" data-e-type=\"container\" data-settings=\"{&quot;background_background&quot;:&quot;classic&quot;}\">\n\t\t\t\t<\/div>\n\t\t<div class=\"elementor-element elementor-element-3aab47e e-con-full e-flex e-con e-child\" data-id=\"3aab47e\" data-element_type=\"container\" data-e-type=\"container\">\n\t\t\t\t<div class=\"elementor-element elementor-element-f883e9c elementor-widget elementor-widget-text-editor\" data-id=\"f883e9c\" data-element_type=\"widget\" data-e-type=\"widget\" data-widget_type=\"text-editor.default\">\n\t\t\t\t\t\t\t\t\t<p>Cette polyvalence, acquise au fil de nos\u00a0ann\u00e9es d&rsquo;existence, fait de nous un partenaire r\u00e9actif, capable de transformer des besoins complexes en solutions fluides et durables.<\/p>\t\t\t\t\t\t\t\t<\/div>\n\t\t\t\t<\/div>\n\t\t\t\t<\/div>\n\t\t\t\t<\/div>\n\t\t","protected":false},"excerpt":{"rendered":"<p>L&rsquo;expertise d&rsquo;une \u00e9quipe technique compl\u00e8te, \u00e0 taille humaine et ancr\u00e9e \u00e0 Lannion. Qui sommes nous ? Une force technique \u00e0 taille humaine Depuis pr\u00e8s d&rsquo;une d\u00e9cennie,\u00a0ITWorkers\u00a0accompagne les entreprises dans leurs d\u00e9fis technologiques avec une philosophie simple : l\u2019efficacit\u00e9 sans la lourdeur. L\u00e0 o\u00f9 les grands groupes multiplient les interm\u00e9diaires, nous misons sur une\u00a0expertise technique large\u00a0et [&hellip;]<\/p>\n","protected":false},"author":1,"featured_media":0,"parent":0,"menu_order":0,"comment_status":"closed","ping_status":"closed","template":"","meta":{"footnotes":""},"class_list":["post-1166","page","type-page","status-publish","hentry"],"_links":{"self":[{"href":"https:\/\/www.itworkers.fr\/index.php\/wp-json\/wp\/v2\/pages\/1166","targetHints":{"allow":["GET"]}}],"collection":[{"href":"https:\/\/www.itworkers.fr\/index.php\/wp-json\/wp\/v2\/pages"}],"about":[{"href":"https:\/\/www.itworkers.fr\/index.php\/wp-json\/wp\/v2\/types\/page"}],"author":[{"embeddable":true,"href":"https:\/\/www.itworkers.fr\/index.php\/wp-json\/wp\/v2\/users\/1"}],"replies":[{"embeddable":true,"href":"https:\/\/www.itworkers.fr\/index.php\/wp-json\/wp\/v2\/comments?post=1166"}],"version-history":[{"count":3,"href":"https:\/\/www.itworkers.fr\/index.php\/wp-json\/wp\/v2\/pages\/1166\/revisions"}],"predecessor-version":[{"id":1718,"href":"https:\/\/www.itworkers.fr\/index.php\/wp-json\/wp\/v2\/pages\/1166\/revisions\/1718"}],"wp:attachment":[{"href":"https:\/\/www.itworkers.fr\/index.php\/wp-json\/wp\/v2\/media?parent=1166"}],"curies":[{"name":"wp","href":"https:\/\/api.w.org\/{rel}","templated":true}]}}