{"id":41,"date":"2026-04-28T15:05:43","date_gmt":"2026-04-28T13:05:43","guid":{"rendered":"http:\/\/localhost\/wordpress_ITWorkers\/?page_id=41"},"modified":"2026-05-07T17:11:58","modified_gmt":"2026-05-07T15:11:58","slug":"surveillance-securite","status":"publish","type":"page","link":"https:\/\/www.itworkers.fr\/index.php\/surveillance-securite\/","title":{"rendered":"Surveillance"},"content":{"rendered":"\t\t<div data-elementor-type=\"wp-page\" data-elementor-id=\"41\" class=\"elementor elementor-41\" data-elementor-post-type=\"page\">\n\t\t\t\t<div class=\"elementor-element elementor-element-3e43aec e-con-full e-flex e-con e-parent\" data-id=\"3e43aec\" data-element_type=\"container\" data-e-type=\"container\" data-settings=\"{&quot;background_background&quot;:&quot;classic&quot;}\">\n\t\t\t\t<div class=\"elementor-element elementor-element-dd27db4 elementor-widget elementor-widget-text-editor\" data-id=\"dd27db4\" data-element_type=\"widget\" data-e-type=\"widget\" data-widget_type=\"text-editor.default\">\n\t\t\t\t\t\t\t\t\t<p>Gardez un \u0153il sur ce qui compte vraiment gr\u00e2ce \u00e0 nos solutions de vid\u00e9osurveillance et alarmes pens\u00e9es pour les TPE, PME et particuliers.<\/p>\t\t\t\t\t\t\t\t<\/div>\n\t\t\t\t<div class=\"elementor-element elementor-element-fed5c67 elementor-widget elementor-widget-heading\" data-id=\"fed5c67\" data-element_type=\"widget\" data-e-type=\"widget\" data-widget_type=\"heading.default\">\n\t\t\t\t\t<h2 class=\"elementor-heading-title elementor-size-default\">Surveillance &amp; S\u00e9curit\u00e9<\/h2>\t\t\t\t<\/div>\n\t\t\t\t<\/div>\n\t\t<div class=\"elementor-element elementor-element-4513784 e-con-full e-flex e-con e-parent\" data-id=\"4513784\" data-element_type=\"container\" data-e-type=\"container\">\n\t\t<a class=\"elementor-element elementor-element-8779164 e-con-full e-flex e-con e-child\" data-id=\"8779164\" data-element_type=\"container\" data-e-type=\"container\" data-settings=\"{&quot;background_background&quot;:&quot;classic&quot;}\" href=\"https:\/\/www.itworkers.fr\/index.php\/systemes-dalarme\/\">\n\t\t<div class=\"elementor-element elementor-element-22fa164 e-con-full e-flex e-con e-child\" data-id=\"22fa164\" data-element_type=\"container\" data-e-type=\"container\" data-settings=\"{&quot;background_background&quot;:&quot;classic&quot;}\">\n\t\t\t\t<div class=\"elementor-element elementor-element-bab0414 elementor-widget elementor-widget-heading\" data-id=\"bab0414\" data-element_type=\"widget\" data-e-type=\"widget\" data-widget_type=\"heading.default\">\n\t\t\t\t\t<h2 class=\"elementor-heading-title elementor-size-default\">Syst\u00e8mes d\u2019alarme<\/h2>\t\t\t\t<\/div>\n\t\t\t\t<\/div>\n\t\t\t\t<\/a>\n\t\t<a class=\"elementor-element elementor-element-8081783 e-con-full e-flex e-con e-child\" data-id=\"8081783\" data-element_type=\"container\" data-e-type=\"container\" data-settings=\"{&quot;background_background&quot;:&quot;classic&quot;}\" href=\"https:\/\/www.itworkers.fr\/index.php\/camera-de-surveillance\/\">\n\t\t<div class=\"elementor-element elementor-element-239cefb e-con-full e-flex e-con e-child\" data-id=\"239cefb\" data-element_type=\"container\" data-e-type=\"container\" data-settings=\"{&quot;background_background&quot;:&quot;classic&quot;}\">\n\t\t\t\t<div class=\"elementor-element elementor-element-c0828b6 elementor-widget elementor-widget-heading\" data-id=\"c0828b6\" data-element_type=\"widget\" data-e-type=\"widget\" data-widget_type=\"heading.default\">\n\t\t\t\t\t<h2 class=\"elementor-heading-title elementor-size-default\">Cam\u00e9ra de surveillance<\/h2>\t\t\t\t<\/div>\n\t\t\t\t<\/div>\n\t\t\t\t<\/a>\n\t\t\t\t<\/div>\n\t\t<div class=\"elementor-element elementor-element-3828f025 e-flex e-con-boxed e-con e-parent\" data-id=\"3828f025\" data-element_type=\"container\" data-e-type=\"container\" data-settings=\"{&quot;background_background&quot;:&quot;classic&quot;}\">\n\t\t\t\t\t<div class=\"e-con-inner\">\n\t\t\t\t<div class=\"elementor-element elementor-element-81b19bb elementor-widget elementor-widget-heading\" data-id=\"81b19bb\" data-element_type=\"widget\" data-e-type=\"widget\" data-widget_type=\"heading.default\">\n\t\t\t\t\t<h2 class=\"elementor-heading-title elementor-size-default\">Vous avez une demande en particulier ?<\/h2>\t\t\t\t<\/div>\n\t\t\t\t<div class=\"elementor-element elementor-element-1f8b5644 elementor-widget elementor-widget-button\" data-id=\"1f8b5644\" data-element_type=\"widget\" data-e-type=\"widget\" data-widget_type=\"button.default\">\n\t\t\t\t\t\t\t\t\t\t<a class=\"elementor-button elementor-button-link elementor-size-sm\" href=\"https:\/\/www.itworkers.fr\/index.php\/contact\/\">\n\t\t\t\t\t\t<span class=\"elementor-button-content-wrapper\">\n\t\t\t\t\t\t\t\t\t<span class=\"elementor-button-text\">Prendre contact<\/span>\n\t\t\t\t\t<\/span>\n\t\t\t\t\t<\/a>\n\t\t\t\t\t\t\t\t<\/div>\n\t\t\t\t\t<\/div>\n\t\t\t\t<\/div>\n\t\t\t\t<\/div>\n\t\t","protected":false},"excerpt":{"rendered":"<p>Gardez un \u0153il sur ce qui compte vraiment gr\u00e2ce \u00e0 nos solutions de vid\u00e9osurveillance et alarmes pens\u00e9es pour les TPE, PME et particuliers. Surveillance &amp; S\u00e9curit\u00e9 Syst\u00e8mes d\u2019alarme Cam\u00e9ra de surveillance Vous avez une demande en particulier ? Prendre contact<\/p>\n","protected":false},"author":1,"featured_media":0,"parent":0,"menu_order":0,"comment_status":"closed","ping_status":"closed","template":"","meta":{"footnotes":""},"class_list":["post-41","page","type-page","status-publish","hentry"],"_links":{"self":[{"href":"https:\/\/www.itworkers.fr\/index.php\/wp-json\/wp\/v2\/pages\/41","targetHints":{"allow":["GET"]}}],"collection":[{"href":"https:\/\/www.itworkers.fr\/index.php\/wp-json\/wp\/v2\/pages"}],"about":[{"href":"https:\/\/www.itworkers.fr\/index.php\/wp-json\/wp\/v2\/types\/page"}],"author":[{"embeddable":true,"href":"https:\/\/www.itworkers.fr\/index.php\/wp-json\/wp\/v2\/users\/1"}],"replies":[{"embeddable":true,"href":"https:\/\/www.itworkers.fr\/index.php\/wp-json\/wp\/v2\/comments?post=41"}],"version-history":[{"count":3,"href":"https:\/\/www.itworkers.fr\/index.php\/wp-json\/wp\/v2\/pages\/41\/revisions"}],"predecessor-version":[{"id":1695,"href":"https:\/\/www.itworkers.fr\/index.php\/wp-json\/wp\/v2\/pages\/41\/revisions\/1695"}],"wp:attachment":[{"href":"https:\/\/www.itworkers.fr\/index.php\/wp-json\/wp\/v2\/media?parent=41"}],"curies":[{"name":"wp","href":"https:\/\/api.w.org\/{rel}","templated":true}]}}