{"id":45,"date":"2026-04-28T15:06:20","date_gmt":"2026-04-28T13:06:20","guid":{"rendered":"http:\/\/localhost\/wordpress_ITWorkers\/?page_id=45"},"modified":"2026-05-07T17:07:37","modified_gmt":"2026-05-07T15:07:37","slug":"atelier-reparations","status":"publish","type":"page","link":"https:\/\/www.itworkers.fr\/index.php\/atelier-reparations\/","title":{"rendered":"Atelier &amp; R\u00e9parations"},"content":{"rendered":"\t\t<div data-elementor-type=\"wp-page\" data-elementor-id=\"45\" class=\"elementor elementor-45\" data-elementor-post-type=\"page\">\n\t\t\t\t<div class=\"elementor-element elementor-element-7dd3e3a e-con-full e-flex e-con e-parent\" data-id=\"7dd3e3a\" data-element_type=\"container\" data-e-type=\"container\" data-settings=\"{&quot;background_background&quot;:&quot;classic&quot;}\">\n\t\t\t\t<div class=\"elementor-element elementor-element-f147c91 elementor-widget elementor-widget-text-editor\" data-id=\"f147c91\" data-element_type=\"widget\" data-e-type=\"widget\" data-widget_type=\"text-editor.default\">\n\t\t\t\t\t\t\t\t\t<p>La technicit\u00e9 d&rsquo;un expert, la transparence d&rsquo;un voisin : confiez votre ordinateur \u00e0 un atelier de confiance pour un diagnostic clair et rapide.<\/p>\t\t\t\t\t\t\t\t<\/div>\n\t\t\t\t<div class=\"elementor-element elementor-element-43444f0 elementor-widget elementor-widget-heading\" data-id=\"43444f0\" data-element_type=\"widget\" data-e-type=\"widget\" data-widget_type=\"heading.default\">\n\t\t\t\t\t<h1 class=\"elementor-heading-title elementor-size-default\">Atelier &amp; R\u00e9parations<\/h1>\t\t\t\t<\/div>\n\t\t\t\t<\/div>\n\t\t<div class=\"elementor-element elementor-element-0626a55 e-con-full e-flex e-con e-parent\" data-id=\"0626a55\" data-element_type=\"container\" data-e-type=\"container\">\n\t\t<a class=\"elementor-element elementor-element-9f2d2d4 e-con-full e-flex e-con e-child\" data-id=\"9f2d2d4\" data-element_type=\"container\" data-e-type=\"container\" data-settings=\"{&quot;background_background&quot;:&quot;classic&quot;}\" href=\"https:\/\/www.itworkers.fr\/index.php\/diagnostic-reparations\/\">\n\t\t<div class=\"elementor-element elementor-element-2624d4c e-con-full e-flex e-con e-child\" data-id=\"2624d4c\" data-element_type=\"container\" data-e-type=\"container\" data-settings=\"{&quot;background_background&quot;:&quot;classic&quot;}\">\n\t\t\t\t<div class=\"elementor-element elementor-element-0bcd744 elementor-widget elementor-widget-heading\" data-id=\"0bcd744\" data-element_type=\"widget\" data-e-type=\"widget\" data-widget_type=\"heading.default\">\n\t\t\t\t\t<h2 class=\"elementor-heading-title elementor-size-default\">Diagnostic &amp; R\u00e9parations<\/h2>\t\t\t\t<\/div>\n\t\t\t\t<\/div>\n\t\t\t\t<\/a>\n\t\t<a class=\"elementor-element elementor-element-5cd87c3 e-con-full e-flex e-con e-child\" data-id=\"5cd87c3\" data-element_type=\"container\" data-e-type=\"container\" data-settings=\"{&quot;background_background&quot;:&quot;classic&quot;}\" href=\"https:\/\/www.itworkers.fr\/index.php\/recuperation-de-donnees\/\">\n\t\t<div class=\"elementor-element elementor-element-e5dee66 e-con-full e-flex e-con e-child\" data-id=\"e5dee66\" data-element_type=\"container\" data-e-type=\"container\" data-settings=\"{&quot;background_background&quot;:&quot;classic&quot;}\">\n\t\t\t\t<div class=\"elementor-element elementor-element-22ad7d6 elementor-widget elementor-widget-heading\" data-id=\"22ad7d6\" data-element_type=\"widget\" data-e-type=\"widget\" data-widget_type=\"heading.default\">\n\t\t\t\t\t<h2 class=\"elementor-heading-title elementor-size-default\">R\u00e9cup\u00e9ration de donn\u00e9es<\/h2>\t\t\t\t<\/div>\n\t\t\t\t<\/div>\n\t\t\t\t<\/a>\n\t\t<a class=\"elementor-element elementor-element-8e89dd5 e-con-full e-flex e-con e-child\" data-id=\"8e89dd5\" data-element_type=\"container\" data-e-type=\"container\" data-settings=\"{&quot;background_background&quot;:&quot;classic&quot;}\" href=\"https:\/\/www.itworkers.fr\/index.php\/solutions-systemes-logiciels\/\">\n\t\t<div class=\"elementor-element elementor-element-97aa050 e-con-full e-flex e-con e-child\" data-id=\"97aa050\" data-element_type=\"container\" data-e-type=\"container\" data-settings=\"{&quot;background_background&quot;:&quot;classic&quot;}\">\n\t\t\t\t<div class=\"elementor-element elementor-element-579cea3 elementor-widget elementor-widget-heading\" data-id=\"579cea3\" data-element_type=\"widget\" data-e-type=\"widget\" data-widget_type=\"heading.default\">\n\t\t\t\t\t<h2 class=\"elementor-heading-title elementor-size-default\">Solutions Syst\u00e8mes &amp;<div>Logiciels<\/div><\/h2>\t\t\t\t<\/div>\n\t\t\t\t<\/div>\n\t\t\t\t<\/a>\n\t\t\t\t<\/div>\n\t\t<div class=\"elementor-element elementor-element-2418f261 e-flex e-con-boxed e-con e-parent\" data-id=\"2418f261\" data-element_type=\"container\" data-e-type=\"container\" data-settings=\"{&quot;background_background&quot;:&quot;classic&quot;}\">\n\t\t\t\t\t<div class=\"e-con-inner\">\n\t\t\t\t<div class=\"elementor-element elementor-element-1b6f31a elementor-widget elementor-widget-heading\" data-id=\"1b6f31a\" data-element_type=\"widget\" data-e-type=\"widget\" data-widget_type=\"heading.default\">\n\t\t\t\t\t<h2 class=\"elementor-heading-title elementor-size-default\">Vous avez une demande en particulier ?<\/h2>\t\t\t\t<\/div>\n\t\t\t\t<div class=\"elementor-element elementor-element-448f9a06 elementor-widget elementor-widget-button\" data-id=\"448f9a06\" data-element_type=\"widget\" data-e-type=\"widget\" data-widget_type=\"button.default\">\n\t\t\t\t\t\t\t\t\t\t<a class=\"elementor-button elementor-button-link elementor-size-sm\" href=\"https:\/\/www.itworkers.fr\/index.php\/contact\/\">\n\t\t\t\t\t\t<span class=\"elementor-button-content-wrapper\">\n\t\t\t\t\t\t\t\t\t<span class=\"elementor-button-text\">Prendre contact<\/span>\n\t\t\t\t\t<\/span>\n\t\t\t\t\t<\/a>\n\t\t\t\t\t\t\t\t<\/div>\n\t\t\t\t\t<\/div>\n\t\t\t\t<\/div>\n\t\t\t\t<\/div>\n\t\t","protected":false},"excerpt":{"rendered":"<p>La technicit\u00e9 d&rsquo;un expert, la transparence d&rsquo;un voisin : confiez votre ordinateur \u00e0 un atelier de confiance pour un diagnostic clair et rapide. Atelier &amp; R\u00e9parations Diagnostic &amp; R\u00e9parations R\u00e9cup\u00e9ration de donn\u00e9es Solutions Syst\u00e8mes &amp;Logiciels Vous avez une demande en particulier ? Prendre contact<\/p>\n","protected":false},"author":1,"featured_media":0,"parent":0,"menu_order":0,"comment_status":"closed","ping_status":"closed","template":"","meta":{"footnotes":""},"class_list":["post-45","page","type-page","status-publish","hentry"],"_links":{"self":[{"href":"https:\/\/www.itworkers.fr\/index.php\/wp-json\/wp\/v2\/pages\/45","targetHints":{"allow":["GET"]}}],"collection":[{"href":"https:\/\/www.itworkers.fr\/index.php\/wp-json\/wp\/v2\/pages"}],"about":[{"href":"https:\/\/www.itworkers.fr\/index.php\/wp-json\/wp\/v2\/types\/page"}],"author":[{"embeddable":true,"href":"https:\/\/www.itworkers.fr\/index.php\/wp-json\/wp\/v2\/users\/1"}],"replies":[{"embeddable":true,"href":"https:\/\/www.itworkers.fr\/index.php\/wp-json\/wp\/v2\/comments?post=45"}],"version-history":[{"count":3,"href":"https:\/\/www.itworkers.fr\/index.php\/wp-json\/wp\/v2\/pages\/45\/revisions"}],"predecessor-version":[{"id":1686,"href":"https:\/\/www.itworkers.fr\/index.php\/wp-json\/wp\/v2\/pages\/45\/revisions\/1686"}],"wp:attachment":[{"href":"https:\/\/www.itworkers.fr\/index.php\/wp-json\/wp\/v2\/media?parent=45"}],"curies":[{"name":"wp","href":"https:\/\/api.w.org\/{rel}","templated":true}]}}