{"id":608,"date":"2026-04-30T10:31:27","date_gmt":"2026-04-30T08:31:27","guid":{"rendered":"http:\/\/localhost\/wordpress_ITWorkers\/?page_id=608"},"modified":"2026-05-06T18:14:05","modified_gmt":"2026-05-06T16:14:05","slug":"antivirus","status":"publish","type":"page","link":"https:\/\/www.itworkers.fr\/index.php\/antivirus\/","title":{"rendered":"Antivirus"},"content":{"rendered":"\t\t<div data-elementor-type=\"wp-page\" data-elementor-id=\"608\" class=\"elementor elementor-608\" data-elementor-post-type=\"page\">\n\t\t\t\t<div class=\"elementor-element elementor-element-c4334a5 e-con-full e-flex e-con e-parent\" data-id=\"c4334a5\" data-element_type=\"container\" data-e-type=\"container\" data-settings=\"{&quot;background_background&quot;:&quot;classic&quot;}\">\n\t\t\t\t<div class=\"elementor-element elementor-element-bd58fed elementor-widget elementor-widget-text-editor\" data-id=\"bd58fed\" data-element_type=\"widget\" data-e-type=\"widget\" data-widget_type=\"text-editor.default\">\n\t\t\t\t\t\t\t\t\t<p>La protection de base reconnue pour sa l\u00e9g\u00e8ret\u00e9 et sa simplicit\u00e9.<\/p>\t\t\t\t\t\t\t\t<\/div>\n\t\t\t\t<div class=\"elementor-element elementor-element-5336d4e elementor-widget elementor-widget-heading\" data-id=\"5336d4e\" data-element_type=\"widget\" data-e-type=\"widget\" data-widget_type=\"heading.default\">\n\t\t\t\t\t<h2 class=\"elementor-heading-title elementor-size-default\">Antivirus<\/h2>\t\t\t\t<\/div>\n\t\t\t\t<\/div>\n\t\t<div class=\"elementor-element elementor-element-74bc23c e-con-full e-flex e-con e-parent\" data-id=\"74bc23c\" data-element_type=\"container\" data-e-type=\"container\">\n\t\t<div class=\"elementor-element elementor-element-7a18f5c e-con-full e-flex e-con e-child\" data-id=\"7a18f5c\" data-element_type=\"container\" data-e-type=\"container\" data-settings=\"{&quot;background_background&quot;:&quot;classic&quot;}\">\n\t\t\t\t<\/div>\n\t\t<div class=\"elementor-element elementor-element-f236273 e-con-full e-flex e-con e-child\" data-id=\"f236273\" data-element_type=\"container\" data-e-type=\"container\">\n\t\t\t\t<div class=\"elementor-element elementor-element-9934ce1 elementor-widget elementor-widget-heading\" data-id=\"9934ce1\" data-element_type=\"widget\" data-e-type=\"widget\" data-widget_type=\"heading.default\">\n\t\t\t\t\t<h2 class=\"elementor-heading-title elementor-size-default\">Antivirus ESET NOD32<\/h2>\t\t\t\t<\/div>\n\t\t\t\t<div class=\"elementor-element elementor-element-1db7a96 elementor-widget elementor-widget-text-editor\" data-id=\"1db7a96\" data-element_type=\"widget\" data-e-type=\"widget\" data-widget_type=\"text-editor.default\">\n\t\t\t\t\t\t\t\t\t<p>Trente ans d\u2019innovation au service d\u2019une protection antivirus intelligente, d\u00e9j\u00e0 adopt\u00e9e par des millions d\u2019utilisateurs.<\/p><p>Avec ESET NOD32 Antivirus, profitez d\u2019une s\u00e9curit\u00e9 rapide et l\u00e9g\u00e8re qui ne ralentit pas vos appareils.<\/p>\t\t\t\t\t\t\t\t<\/div>\n\t\t\t\t<div class=\"elementor-element elementor-element-7d2f0fe elementor-widget elementor-widget-button\" data-id=\"7d2f0fe\" data-element_type=\"widget\" data-e-type=\"widget\" data-widget_type=\"button.default\">\n\t\t\t\t\t\t\t\t\t\t<a class=\"elementor-button elementor-button-link elementor-size-sm\" href=\"https:\/\/www.itworkers.fr\/index.php\/contact\/\">\n\t\t\t\t\t\t<span class=\"elementor-button-content-wrapper\">\n\t\t\t\t\t\t\t\t\t<span class=\"elementor-button-text\">Prendre contact<\/span>\n\t\t\t\t\t<\/span>\n\t\t\t\t\t<\/a>\n\t\t\t\t\t\t\t\t<\/div>\n\t\t\t\t<\/div>\n\t\t\t\t<\/div>\n\t\t<div class=\"elementor-element elementor-element-1911b43 e-con-full e-flex e-con e-parent\" data-id=\"1911b43\" data-element_type=\"container\" data-e-type=\"container\">\n\t\t\t\t<div class=\"elementor-element elementor-element-d23c791 elementor-widget elementor-widget-heading\" data-id=\"d23c791\" data-element_type=\"widget\" data-e-type=\"widget\" data-widget_type=\"heading.default\">\n\t\t\t\t\t<h2 class=\"elementor-heading-title elementor-size-default\">Ce qui fait la diff\u00e9rence<\/h2>\t\t\t\t<\/div>\n\t\t<div class=\"elementor-element elementor-element-da86ef3 e-flex e-con-boxed e-con e-child\" data-id=\"da86ef3\" data-element_type=\"container\" data-e-type=\"container\">\n\t\t\t\t\t<div class=\"e-con-inner\">\n\t\t<div class=\"elementor-element elementor-element-99feca5 e-con-full e-flex e-con e-child\" data-id=\"99feca5\" data-element_type=\"container\" data-e-type=\"container\">\n\t\t\t\t<div class=\"elementor-element elementor-element-624a8b1 elementor-widget elementor-widget-image\" data-id=\"624a8b1\" data-element_type=\"widget\" data-e-type=\"widget\" data-widget_type=\"image.default\">\n\t\t\t\t\t\t\t\t\t\t\t\t\t\t\t<img fetchpriority=\"high\" decoding=\"async\" width=\"440\" height=\"489\" src=\"https:\/\/www.itworkers.fr\/wp-content\/uploads\/2026\/04\/AI-Powered_Antivirus_and_Antispyware.png\" class=\"elementor-animation-grow attachment-large size-large wp-image-618\" alt=\"Icone Diagnostic et \u00e9limination de virus, malwares et bugs logiciels via la solution ANTIVIRUS ESET NOD32\" srcset=\"https:\/\/www.itworkers.fr\/wp-content\/uploads\/2026\/04\/AI-Powered_Antivirus_and_Antispyware.png 440w, https:\/\/www.itworkers.fr\/wp-content\/uploads\/2026\/04\/AI-Powered_Antivirus_and_Antispyware-270x300.png 270w\" sizes=\"(max-width: 440px) 100vw, 440px\" \/>\t\t\t\t\t\t\t\t\t\t\t\t\t\t\t<\/div>\n\t\t\t\t<div class=\"elementor-element elementor-element-f9ab8fc elementor-widget elementor-widget-heading\" data-id=\"f9ab8fc\" data-element_type=\"widget\" data-e-type=\"widget\" data-widget_type=\"heading.default\">\n\t\t\t\t\t<h2 class=\"elementor-heading-title elementor-size-default\">Optimis\u00e9 par IA<\/h2>\t\t\t\t<\/div>\n\t\t\t\t<\/div>\n\t\t<div class=\"elementor-element elementor-element-f4d17e3 e-con-full e-flex e-con e-child\" data-id=\"f4d17e3\" data-element_type=\"container\" data-e-type=\"container\">\n\t\t\t\t<div class=\"elementor-element elementor-element-3ecd591 elementor-widget elementor-widget-image\" data-id=\"3ecd591\" data-element_type=\"widget\" data-e-type=\"widget\" data-widget_type=\"image.default\">\n\t\t\t\t\t\t\t\t\t\t\t\t\t\t\t<img decoding=\"async\" width=\"440\" height=\"615\" src=\"https:\/\/www.itworkers.fr\/wp-content\/uploads\/2026\/04\/Anti-Phishing.png\" class=\"elementor-animation-grow attachment-large size-large wp-image-619\" alt=\"Icone protection anti phishing via la solution antivirus ESET NOD32\" srcset=\"https:\/\/www.itworkers.fr\/wp-content\/uploads\/2026\/04\/Anti-Phishing.png 440w, https:\/\/www.itworkers.fr\/wp-content\/uploads\/2026\/04\/Anti-Phishing-215x300.png 215w\" sizes=\"(max-width: 440px) 100vw, 440px\" \/>\t\t\t\t\t\t\t\t\t\t\t\t\t\t\t<\/div>\n\t\t\t\t<div class=\"elementor-element elementor-element-3322812 elementor-widget elementor-widget-heading\" data-id=\"3322812\" data-element_type=\"widget\" data-e-type=\"widget\" data-widget_type=\"heading.default\">\n\t\t\t\t\t<h2 class=\"elementor-heading-title elementor-size-default\">Anti-Phishing<\/h2>\t\t\t\t<\/div>\n\t\t\t\t<\/div>\n\t\t<div class=\"elementor-element elementor-element-3ff6edf e-con-full e-flex e-con e-child\" data-id=\"3ff6edf\" data-element_type=\"container\" data-e-type=\"container\">\n\t\t\t\t<div class=\"elementor-element elementor-element-ad03049 elementor-widget elementor-widget-image\" data-id=\"ad03049\" data-element_type=\"widget\" data-e-type=\"widget\" data-widget_type=\"image.default\">\n\t\t\t\t\t\t\t\t\t\t\t\t\t\t\t<img decoding=\"async\" width=\"440\" height=\"487\" src=\"https:\/\/www.itworkers.fr\/wp-content\/uploads\/2026\/04\/Exploit_Blocker.png\" class=\"elementor-animation-grow attachment-large size-large wp-image-622\" alt=\"Icone illustrant la protection sur les donn\u00e9es sensibles\" srcset=\"https:\/\/www.itworkers.fr\/wp-content\/uploads\/2026\/04\/Exploit_Blocker.png 440w, https:\/\/www.itworkers.fr\/wp-content\/uploads\/2026\/04\/Exploit_Blocker-271x300.png 271w\" sizes=\"(max-width: 440px) 100vw, 440px\" \/>\t\t\t\t\t\t\t\t\t\t\t\t\t\t\t<\/div>\n\t\t\t\t<div class=\"elementor-element elementor-element-677f3d9 elementor-widget elementor-widget-heading\" data-id=\"677f3d9\" data-element_type=\"widget\" data-e-type=\"widget\" data-widget_type=\"heading.default\">\n\t\t\t\t\t<h2 class=\"elementor-heading-title elementor-size-default\">D\u00e9tection des logiciels malveillants<\/h2>\t\t\t\t<\/div>\n\t\t\t\t<\/div>\n\t\t<div class=\"elementor-element elementor-element-b00bf63 e-con-full e-flex e-con e-child\" data-id=\"b00bf63\" data-element_type=\"container\" data-e-type=\"container\">\n\t\t\t\t<div class=\"elementor-element elementor-element-d2c045e elementor-widget elementor-widget-image\" data-id=\"d2c045e\" data-element_type=\"widget\" data-e-type=\"widget\" data-widget_type=\"image.default\">\n\t\t\t\t\t\t\t\t\t\t\t\t\t\t\t<img loading=\"lazy\" decoding=\"async\" width=\"440\" height=\"440\" src=\"https:\/\/www.itworkers.fr\/wp-content\/uploads\/2026\/04\/Advanced_Machine_Learning.png\" class=\"elementor-animation-grow attachment-large size-large wp-image-617\" alt=\"Icone assistance IA via la solution ANTIVIRUS ESET NOD32\" srcset=\"https:\/\/www.itworkers.fr\/wp-content\/uploads\/2026\/04\/Advanced_Machine_Learning.png 440w, https:\/\/www.itworkers.fr\/wp-content\/uploads\/2026\/04\/Advanced_Machine_Learning-300x300.png 300w, https:\/\/www.itworkers.fr\/wp-content\/uploads\/2026\/04\/Advanced_Machine_Learning-150x150.png 150w\" sizes=\"(max-width: 440px) 100vw, 440px\" \/>\t\t\t\t\t\t\t\t\t\t\t\t\t\t\t<\/div>\n\t\t\t\t<div class=\"elementor-element elementor-element-86ec420 elementor-widget elementor-widget-heading\" data-id=\"86ec420\" data-element_type=\"widget\" data-e-type=\"widget\" data-widget_type=\"heading.default\">\n\t\t\t\t\t<h2 class=\"elementor-heading-title elementor-size-default\">Machine Learning avanc\u00e9<\/h2>\t\t\t\t<\/div>\n\t\t\t\t<\/div>\n\t\t<div class=\"elementor-element elementor-element-d6fd0b3 e-con-full e-flex e-con e-child\" data-id=\"d6fd0b3\" data-element_type=\"container\" data-e-type=\"container\">\n\t\t\t\t<div class=\"elementor-element elementor-element-ae1f2ae elementor-widget elementor-widget-image\" data-id=\"ae1f2ae\" data-element_type=\"widget\" data-e-type=\"widget\" data-widget_type=\"image.default\">\n\t\t\t\t\t\t\t\t\t\t\t\t\t\t\t<img loading=\"lazy\" decoding=\"async\" width=\"440\" height=\"472\" src=\"https:\/\/www.itworkers.fr\/wp-content\/uploads\/2026\/04\/Efficient_Performance.png\" class=\"elementor-animation-grow attachment-large size-large wp-image-621\" alt=\"Icone s\u00e9curit\u00e9 informatique via la solution ANTIVIRUS ESET NOD32\" srcset=\"https:\/\/www.itworkers.fr\/wp-content\/uploads\/2026\/04\/Efficient_Performance.png 440w, https:\/\/www.itworkers.fr\/wp-content\/uploads\/2026\/04\/Efficient_Performance-280x300.png 280w\" sizes=\"(max-width: 440px) 100vw, 440px\" \/>\t\t\t\t\t\t\t\t\t\t\t\t\t\t\t<\/div>\n\t\t\t\t<div class=\"elementor-element elementor-element-389ec02 elementor-widget elementor-widget-heading\" data-id=\"389ec02\" data-element_type=\"widget\" data-e-type=\"widget\" data-widget_type=\"heading.default\">\n\t\t\t\t\t<h2 class=\"elementor-heading-title elementor-size-default\">Mode optimis\u00e9\npour Gamer<\/h2>\t\t\t\t<\/div>\n\t\t\t\t<\/div>\n\t\t\t\t\t<\/div>\n\t\t\t\t<\/div>\n\t\t\t\t<\/div>\n\t\t<div class=\"elementor-element elementor-element-610428f4 e-flex e-con-boxed e-con e-parent\" data-id=\"610428f4\" data-element_type=\"container\" data-e-type=\"container\" data-settings=\"{&quot;background_background&quot;:&quot;classic&quot;}\">\n\t\t\t\t\t<div class=\"e-con-inner\">\n\t\t\t\t<div class=\"elementor-element elementor-element-5ee8bf3a elementor-widget elementor-widget-heading\" data-id=\"5ee8bf3a\" data-element_type=\"widget\" data-e-type=\"widget\" data-widget_type=\"heading.default\">\n\t\t\t\t\t<h2 class=\"elementor-heading-title elementor-size-default\">Demandez votre solution antivirus d\u00e8s maintenant.\u200b<\/h2>\t\t\t\t<\/div>\n\t\t\t\t<div class=\"elementor-element elementor-element-5eff3335 elementor-widget elementor-widget-button\" data-id=\"5eff3335\" data-element_type=\"widget\" data-e-type=\"widget\" data-widget_type=\"button.default\">\n\t\t\t\t\t\t\t\t\t\t<a class=\"elementor-button elementor-button-link elementor-size-sm\" href=\"https:\/\/www.itworkers.fr\/index.php\/contact\/\">\n\t\t\t\t\t\t<span class=\"elementor-button-content-wrapper\">\n\t\t\t\t\t\t\t\t\t<span class=\"elementor-button-text\">Prendre contact<\/span>\n\t\t\t\t\t<\/span>\n\t\t\t\t\t<\/a>\n\t\t\t\t\t\t\t\t<\/div>\n\t\t\t\t\t<\/div>\n\t\t\t\t<\/div>\n\t\t\t\t<\/div>\n\t\t","protected":false},"excerpt":{"rendered":"<p>La protection de base reconnue pour sa l\u00e9g\u00e8ret\u00e9 et sa simplicit\u00e9. Antivirus Antivirus ESET NOD32 Trente ans d\u2019innovation au service d\u2019une protection antivirus intelligente, d\u00e9j\u00e0 adopt\u00e9e par des millions d\u2019utilisateurs. Avec ESET NOD32 Antivirus, profitez d\u2019une s\u00e9curit\u00e9 rapide et l\u00e9g\u00e8re qui ne ralentit pas vos appareils. Prendre contact Ce qui fait la diff\u00e9rence Optimis\u00e9 par [&hellip;]<\/p>\n","protected":false},"author":1,"featured_media":0,"parent":0,"menu_order":0,"comment_status":"closed","ping_status":"closed","template":"","meta":{"footnotes":""},"class_list":["post-608","page","type-page","status-publish","hentry"],"_links":{"self":[{"href":"https:\/\/www.itworkers.fr\/index.php\/wp-json\/wp\/v2\/pages\/608","targetHints":{"allow":["GET"]}}],"collection":[{"href":"https:\/\/www.itworkers.fr\/index.php\/wp-json\/wp\/v2\/pages"}],"about":[{"href":"https:\/\/www.itworkers.fr\/index.php\/wp-json\/wp\/v2\/types\/page"}],"author":[{"embeddable":true,"href":"https:\/\/www.itworkers.fr\/index.php\/wp-json\/wp\/v2\/users\/1"}],"replies":[{"embeddable":true,"href":"https:\/\/www.itworkers.fr\/index.php\/wp-json\/wp\/v2\/comments?post=608"}],"version-history":[{"count":0,"href":"https:\/\/www.itworkers.fr\/index.php\/wp-json\/wp\/v2\/pages\/608\/revisions"}],"wp:attachment":[{"href":"https:\/\/www.itworkers.fr\/index.php\/wp-json\/wp\/v2\/media?parent=608"}],"curies":[{"name":"wp","href":"https:\/\/api.w.org\/{rel}","templated":true}]}}