{"id":695,"date":"2026-04-30T11:51:02","date_gmt":"2026-04-30T09:51:02","guid":{"rendered":"http:\/\/localhost\/wordpress_ITWorkers\/?page_id=695"},"modified":"2026-05-07T16:57:48","modified_gmt":"2026-05-07T14:57:48","slug":"diagnostic-reparations","status":"publish","type":"page","link":"https:\/\/www.itworkers.fr\/index.php\/diagnostic-reparations\/","title":{"rendered":"Diagnostic &amp; R\u00e9parations"},"content":{"rendered":"\t\t<div data-elementor-type=\"wp-page\" data-elementor-id=\"695\" class=\"elementor elementor-695\" data-elementor-post-type=\"page\">\n\t\t\t\t<div class=\"elementor-element elementor-element-29b0e0c e-con-full e-flex e-con e-parent\" data-id=\"29b0e0c\" data-element_type=\"container\" data-e-type=\"container\" data-settings=\"{&quot;background_background&quot;:&quot;classic&quot;}\">\n\t\t\t\t<div class=\"elementor-element elementor-element-4fe20bd elementor-widget elementor-widget-text-editor\" data-id=\"4fe20bd\" data-element_type=\"widget\" data-e-type=\"widget\" data-widget_type=\"text-editor.default\">\n\t\t\t\t\t\t\t\t\t<p>Diagnostic pr\u00e9cis. R\u00e9paration rapide. R\u00e9sultat garanti.<\/p>\t\t\t\t\t\t\t\t<\/div>\n\t\t\t\t<div class=\"elementor-element elementor-element-c2a4d1f elementor-widget elementor-widget-heading\" data-id=\"c2a4d1f\" data-element_type=\"widget\" data-e-type=\"widget\" data-widget_type=\"heading.default\">\n\t\t\t\t\t<h2 class=\"elementor-heading-title elementor-size-default\">Diagnostic &amp; R\u00e9parations<\/h2>\t\t\t\t<\/div>\n\t\t\t\t<\/div>\n\t\t<div class=\"elementor-element elementor-element-c3d84d8 e-con-full e-flex e-con e-parent\" data-id=\"c3d84d8\" data-element_type=\"container\" data-e-type=\"container\">\n\t\t<div class=\"elementor-element elementor-element-66351db e-con-full e-flex e-con e-child\" data-id=\"66351db\" data-element_type=\"container\" data-e-type=\"container\" data-settings=\"{&quot;background_background&quot;:&quot;classic&quot;}\">\n\t\t\t\t<\/div>\n\t\t<div class=\"elementor-element elementor-element-632ca8b e-con-full e-flex e-con e-child\" data-id=\"632ca8b\" data-element_type=\"container\" data-e-type=\"container\">\n\t\t\t\t<div class=\"elementor-element elementor-element-e0c4d9e elementor-widget elementor-widget-heading\" data-id=\"e0c4d9e\" data-element_type=\"widget\" data-e-type=\"widget\" data-widget_type=\"heading.default\">\n\t\t\t\t\t<h2 class=\"elementor-heading-title elementor-size-default\">Votre \u00e9quipement m\u00e9rite mieux qu'une solution bancale.<\/h2>\t\t\t\t<\/div>\n\t\t\t\t<div class=\"elementor-element elementor-element-e3f3d1d elementor-widget elementor-widget-text-editor\" data-id=\"e3f3d1d\" data-element_type=\"widget\" data-e-type=\"widget\" data-widget_type=\"text-editor.default\">\n\t\t\t\t\t\t\t\t\t<p>Ordinateur qui ne d\u00e9marre plus, \u00e9cran fissur\u00e9, panne myst\u00e9rieuse\u2026 Chez itworkers, on ne devine pas, on diagnostique.<\/p><p>Particuliers ou professionnels, apportez votre mat\u00e9riel dans notre atelier \u00e0 Lannion : nos techniciens identifient le probl\u00e8me, vous informent clairement, et interviennent avec votre accord<\/p><p><strong>Le diagnostic est factur\u00e9 39\u20ac, ce prix sera d\u00e9duit des r\u00e9parations.<\/strong> <em>(Hors Macbook, factur\u00e9 69\u20ac)<\/em><\/p>\t\t\t\t\t\t\t\t<\/div>\n\t\t\t\t<div class=\"elementor-element elementor-element-d879417 elementor-widget elementor-widget-button\" data-id=\"d879417\" data-element_type=\"widget\" data-e-type=\"widget\" data-widget_type=\"button.default\">\n\t\t\t\t\t\t\t\t\t\t<a class=\"elementor-button elementor-button-link elementor-size-sm\" href=\"https:\/\/www.itworkers.fr\/index.php\/contact\/\">\n\t\t\t\t\t\t<span class=\"elementor-button-content-wrapper\">\n\t\t\t\t\t\t\t\t\t<span class=\"elementor-button-text\">Prendre contact<\/span>\n\t\t\t\t\t<\/span>\n\t\t\t\t\t<\/a>\n\t\t\t\t\t\t\t\t<\/div>\n\t\t\t\t<\/div>\n\t\t\t\t<\/div>\n\t\t<div class=\"elementor-element elementor-element-c7d238c e-con-full e-flex e-con e-parent\" data-id=\"c7d238c\" data-element_type=\"container\" data-e-type=\"container\">\n\t\t\t\t<div class=\"elementor-element elementor-element-f280822 elementor-widget elementor-widget-heading\" data-id=\"f280822\" data-element_type=\"widget\" data-e-type=\"widget\" data-widget_type=\"heading.default\">\n\t\t\t\t\t<h2 class=\"elementor-heading-title elementor-size-default\">Cas fr\u00e9quents<\/h2>\t\t\t\t<\/div>\n\t\t\t\t<div class=\"elementor-element elementor-element-a56d066 elementor-widget elementor-widget-heading\" data-id=\"a56d066\" data-element_type=\"widget\" data-e-type=\"widget\" data-widget_type=\"heading.default\">\n\t\t\t\t\t<h2 class=\"elementor-heading-title elementor-size-default\">Nos techniciens identifient le probl\u00e8me et vous proposent une solution concr\u00e8te.<\/h2>\t\t\t\t<\/div>\n\t\t<div class=\"elementor-element elementor-element-d207dbd e-flex e-con-boxed e-con e-child\" data-id=\"d207dbd\" data-element_type=\"container\" data-e-type=\"container\">\n\t\t\t\t\t<div class=\"e-con-inner\">\n\t\t<div class=\"elementor-element elementor-element-e8ee3e8 e-con-full e-flex e-con e-child\" data-id=\"e8ee3e8\" data-element_type=\"container\" data-e-type=\"container\">\n\t\t\t\t<div class=\"elementor-element elementor-element-df79fd1 elementor-widget elementor-widget-image\" data-id=\"df79fd1\" data-element_type=\"widget\" data-e-type=\"widget\" data-widget_type=\"image.default\">\n\t\t\t\t\t\t\t\t\t\t\t\t\t\t\t<img fetchpriority=\"high\" decoding=\"async\" width=\"683\" height=\"1024\" src=\"https:\/\/www.itworkers.fr\/wp-content\/uploads\/2026\/04\/ashkan-forouzani-zJsJV5CBGNE-unsplash-683x1024.jpg\" class=\"elementor-animation-grow attachment-large size-large wp-image-711\" alt=\"Remplacement de dalle LCD et vitre tactile sur ordinateur portable.\" srcset=\"https:\/\/www.itworkers.fr\/wp-content\/uploads\/2026\/04\/ashkan-forouzani-zJsJV5CBGNE-unsplash-683x1024.jpg 683w, https:\/\/www.itworkers.fr\/wp-content\/uploads\/2026\/04\/ashkan-forouzani-zJsJV5CBGNE-unsplash-200x300.jpg 200w, https:\/\/www.itworkers.fr\/wp-content\/uploads\/2026\/04\/ashkan-forouzani-zJsJV5CBGNE-unsplash-768x1152.jpg 768w, https:\/\/www.itworkers.fr\/wp-content\/uploads\/2026\/04\/ashkan-forouzani-zJsJV5CBGNE-unsplash-1024x1536.jpg 1024w, https:\/\/www.itworkers.fr\/wp-content\/uploads\/2026\/04\/ashkan-forouzani-zJsJV5CBGNE-unsplash-1365x2048.jpg 1365w, https:\/\/www.itworkers.fr\/wp-content\/uploads\/2026\/04\/ashkan-forouzani-zJsJV5CBGNE-unsplash-scaled.jpg 1707w\" sizes=\"(max-width: 683px) 100vw, 683px\" \/>\t\t\t\t\t\t\t\t\t\t\t\t\t\t\t<\/div>\n\t\t\t\t<div class=\"elementor-element elementor-element-39c034e elementor-widget elementor-widget-heading\" data-id=\"39c034e\" data-element_type=\"widget\" data-e-type=\"widget\" data-widget_type=\"heading.default\">\n\t\t\t\t\t<h2 class=\"elementor-heading-title elementor-size-default\">\u00c9cran cass\u00e9<\/h2>\t\t\t\t<\/div>\n\t\t\t\t<\/div>\n\t\t<div class=\"elementor-element elementor-element-4879b70 e-con-full e-flex e-con e-child\" data-id=\"4879b70\" data-element_type=\"container\" data-e-type=\"container\">\n\t\t\t\t<div class=\"elementor-element elementor-element-8c3668b elementor-widget elementor-widget-image\" data-id=\"8c3668b\" data-element_type=\"widget\" data-e-type=\"widget\" data-widget_type=\"image.default\">\n\t\t\t\t\t\t\t\t\t\t\t\t\t\t\t<img decoding=\"async\" width=\"800\" height=\"534\" src=\"https:\/\/www.itworkers.fr\/wp-content\/uploads\/2026\/04\/david-pupaza-heNwUmEtZzo-unsplash-1024x683.jpg\" class=\"elementor-animation-grow attachment-large size-large wp-image-714\" alt=\"Illustration \u00e9rreur sur un \u00e9cran insinuant la pr\u00e9sence d&#039;un virus sur l&#039;ordinateur\" srcset=\"https:\/\/www.itworkers.fr\/wp-content\/uploads\/2026\/04\/david-pupaza-heNwUmEtZzo-unsplash-1024x683.jpg 1024w, https:\/\/www.itworkers.fr\/wp-content\/uploads\/2026\/04\/david-pupaza-heNwUmEtZzo-unsplash-300x200.jpg 300w, https:\/\/www.itworkers.fr\/wp-content\/uploads\/2026\/04\/david-pupaza-heNwUmEtZzo-unsplash-768x512.jpg 768w, https:\/\/www.itworkers.fr\/wp-content\/uploads\/2026\/04\/david-pupaza-heNwUmEtZzo-unsplash-1536x1024.jpg 1536w, https:\/\/www.itworkers.fr\/wp-content\/uploads\/2026\/04\/david-pupaza-heNwUmEtZzo-unsplash-2048x1365.jpg 2048w\" sizes=\"(max-width: 800px) 100vw, 800px\" \/>\t\t\t\t\t\t\t\t\t\t\t\t\t\t\t<\/div>\n\t\t\t\t<div class=\"elementor-element elementor-element-ca035a6 elementor-widget elementor-widget-heading\" data-id=\"ca035a6\" data-element_type=\"widget\" data-e-type=\"widget\" data-widget_type=\"heading.default\">\n\t\t\t\t\t<h2 class=\"elementor-heading-title elementor-size-default\">Virus<\/h2>\t\t\t\t<\/div>\n\t\t\t\t<\/div>\n\t\t<div class=\"elementor-element elementor-element-e1c1821 e-con-full e-flex e-con e-child\" data-id=\"e1c1821\" data-element_type=\"container\" data-e-type=\"container\">\n\t\t\t\t<div class=\"elementor-element elementor-element-6180dbe elementor-widget elementor-widget-image\" data-id=\"6180dbe\" data-element_type=\"widget\" data-e-type=\"widget\" data-widget_type=\"image.default\">\n\t\t\t\t\t\t\t\t\t\t\t\t\t\t\t<img decoding=\"async\" width=\"800\" height=\"534\" src=\"https:\/\/www.itworkers.fr\/wp-content\/uploads\/2026\/04\/benjamin-lehman-GNyjCePVRs8-unsplash-1-1024x683.jpg\" class=\"elementor-animation-grow attachment-large size-large wp-image-713\" alt=\"Analyse m\u00e9canique de disque dur pour diagnostic de panne.\" srcset=\"https:\/\/www.itworkers.fr\/wp-content\/uploads\/2026\/04\/benjamin-lehman-GNyjCePVRs8-unsplash-1-1024x683.jpg 1024w, https:\/\/www.itworkers.fr\/wp-content\/uploads\/2026\/04\/benjamin-lehman-GNyjCePVRs8-unsplash-1-300x200.jpg 300w, https:\/\/www.itworkers.fr\/wp-content\/uploads\/2026\/04\/benjamin-lehman-GNyjCePVRs8-unsplash-1-768x512.jpg 768w, https:\/\/www.itworkers.fr\/wp-content\/uploads\/2026\/04\/benjamin-lehman-GNyjCePVRs8-unsplash-1-1536x1024.jpg 1536w, https:\/\/www.itworkers.fr\/wp-content\/uploads\/2026\/04\/benjamin-lehman-GNyjCePVRs8-unsplash-1-2048x1365.jpg 2048w\" sizes=\"(max-width: 800px) 100vw, 800px\" \/>\t\t\t\t\t\t\t\t\t\t\t\t\t\t\t<\/div>\n\t\t\t\t<div class=\"elementor-element elementor-element-b02212c elementor-widget elementor-widget-heading\" data-id=\"b02212c\" data-element_type=\"widget\" data-e-type=\"widget\" data-widget_type=\"heading.default\">\n\t\t\t\t\t<h2 class=\"elementor-heading-title elementor-size-default\">R\u00e9cup\u00e9ration de donn\u00e9es<\/h2>\t\t\t\t<\/div>\n\t\t\t\t<\/div>\n\t\t<div class=\"elementor-element elementor-element-5805b38 e-con-full e-flex e-con e-child\" data-id=\"5805b38\" data-element_type=\"container\" data-e-type=\"container\">\n\t\t\t\t<div class=\"elementor-element elementor-element-504ed20 elementor-widget elementor-widget-image\" data-id=\"504ed20\" data-element_type=\"widget\" data-e-type=\"widget\" data-widget_type=\"image.default\">\n\t\t\t\t\t\t\t\t\t\t\t\t\t\t\t<img loading=\"lazy\" decoding=\"async\" width=\"480\" height=\"640\" src=\"https:\/\/www.itworkers.fr\/wp-content\/uploads\/2026\/04\/samsung-memory-5LeerD3sMb0-unsplash-copie-Moyenne.jpeg\" class=\"elementor-animation-grow attachment-large size-large wp-image-717\" alt=\"D\u00e9pannage mat\u00e9riel et remplacement de RAM\/Batterie sur ordinateur portable.\" srcset=\"https:\/\/www.itworkers.fr\/wp-content\/uploads\/2026\/04\/samsung-memory-5LeerD3sMb0-unsplash-copie-Moyenne.jpeg 480w, https:\/\/www.itworkers.fr\/wp-content\/uploads\/2026\/04\/samsung-memory-5LeerD3sMb0-unsplash-copie-Moyenne-225x300.jpeg 225w\" sizes=\"(max-width: 480px) 100vw, 480px\" \/>\t\t\t\t\t\t\t\t\t\t\t\t\t\t\t<\/div>\n\t\t\t\t<div class=\"elementor-element elementor-element-d1554da elementor-widget elementor-widget-heading\" data-id=\"d1554da\" data-element_type=\"widget\" data-e-type=\"widget\" data-widget_type=\"heading.default\">\n\t\t\t\t\t<h2 class=\"elementor-heading-title elementor-size-default\">Remplacement de batterie<\/h2>\t\t\t\t<\/div>\n\t\t\t\t<\/div>\n\t\t<div class=\"elementor-element elementor-element-7ed740d e-con-full e-flex e-con e-child\" data-id=\"7ed740d\" data-element_type=\"container\" data-e-type=\"container\">\n\t\t\t\t<div class=\"elementor-element elementor-element-e07b20c elementor-widget elementor-widget-image\" data-id=\"e07b20c\" data-element_type=\"widget\" data-e-type=\"widget\" data-widget_type=\"image.default\">\n\t\t\t\t\t\t\t\t\t\t\t\t\t\t\t<img loading=\"lazy\" decoding=\"async\" width=\"800\" height=\"534\" src=\"https:\/\/www.itworkers.fr\/wp-content\/uploads\/2026\/04\/erik-mclean-sxiSod0tyYQ-unsplash-1024x683.jpg\" class=\"elementor-animation-grow attachment-large size-large wp-image-715\" alt=\"Illustration \u00e9rreur pc portable\" srcset=\"https:\/\/www.itworkers.fr\/wp-content\/uploads\/2026\/04\/erik-mclean-sxiSod0tyYQ-unsplash-1024x683.jpg 1024w, https:\/\/www.itworkers.fr\/wp-content\/uploads\/2026\/04\/erik-mclean-sxiSod0tyYQ-unsplash-300x200.jpg 300w, https:\/\/www.itworkers.fr\/wp-content\/uploads\/2026\/04\/erik-mclean-sxiSod0tyYQ-unsplash-768x512.jpg 768w, https:\/\/www.itworkers.fr\/wp-content\/uploads\/2026\/04\/erik-mclean-sxiSod0tyYQ-unsplash-1536x1024.jpg 1536w, https:\/\/www.itworkers.fr\/wp-content\/uploads\/2026\/04\/erik-mclean-sxiSod0tyYQ-unsplash-2048x1365.jpg 2048w\" sizes=\"(max-width: 800px) 100vw, 800px\" \/>\t\t\t\t\t\t\t\t\t\t\t\t\t\t\t<\/div>\n\t\t\t\t<div class=\"elementor-element elementor-element-fb26b8f elementor-widget elementor-widget-heading\" data-id=\"fb26b8f\" data-element_type=\"widget\" data-e-type=\"widget\" data-widget_type=\"heading.default\">\n\t\t\t\t\t<h2 class=\"elementor-heading-title elementor-size-default\">Probl\u00e8me logiciel<\/h2>\t\t\t\t<\/div>\n\t\t\t\t<\/div>\n\t\t\t\t\t<\/div>\n\t\t\t\t<\/div>\n\t\t\t\t<\/div>\n\t\t<div class=\"elementor-element elementor-element-359e07f6 e-flex e-con-boxed e-con e-parent\" data-id=\"359e07f6\" data-element_type=\"container\" data-e-type=\"container\" data-settings=\"{&quot;background_background&quot;:&quot;classic&quot;}\">\n\t\t\t\t\t<div class=\"e-con-inner\">\n\t\t\t\t<div class=\"elementor-element elementor-element-9271386 elementor-widget elementor-widget-heading\" data-id=\"9271386\" data-element_type=\"widget\" data-e-type=\"widget\" data-widget_type=\"heading.default\">\n\t\t\t\t\t<h2 class=\"elementor-heading-title elementor-size-default\">Une question quand \u00e0 la prise en charge de votre mat\u00e9riel ?<\/h2>\t\t\t\t<\/div>\n\t\t\t\t<div class=\"elementor-element elementor-element-13688ff7 elementor-widget elementor-widget-button\" data-id=\"13688ff7\" data-element_type=\"widget\" data-e-type=\"widget\" data-widget_type=\"button.default\">\n\t\t\t\t\t\t\t\t\t\t<a class=\"elementor-button elementor-button-link elementor-size-sm\" href=\"https:\/\/www.itworkers.fr\/index.php\/contact\/\">\n\t\t\t\t\t\t<span class=\"elementor-button-content-wrapper\">\n\t\t\t\t\t\t\t\t\t<span class=\"elementor-button-text\">Prendre contact<\/span>\n\t\t\t\t\t<\/span>\n\t\t\t\t\t<\/a>\n\t\t\t\t\t\t\t\t<\/div>\n\t\t\t\t\t<\/div>\n\t\t\t\t<\/div>\n\t\t\t\t<\/div>\n\t\t","protected":false},"excerpt":{"rendered":"<p>Diagnostic pr\u00e9cis. R\u00e9paration rapide. R\u00e9sultat garanti. Diagnostic &amp; R\u00e9parations Votre \u00e9quipement m\u00e9rite mieux qu&rsquo;une solution bancale. Ordinateur qui ne d\u00e9marre plus, \u00e9cran fissur\u00e9, panne myst\u00e9rieuse\u2026 Chez itworkers, on ne devine pas, on diagnostique. Particuliers ou professionnels, apportez votre mat\u00e9riel dans notre atelier \u00e0 Lannion : nos techniciens identifient le probl\u00e8me, vous informent clairement, et interviennent [&hellip;]<\/p>\n","protected":false},"author":1,"featured_media":0,"parent":0,"menu_order":0,"comment_status":"closed","ping_status":"closed","template":"","meta":{"footnotes":""},"class_list":["post-695","page","type-page","status-publish","hentry"],"_links":{"self":[{"href":"https:\/\/www.itworkers.fr\/index.php\/wp-json\/wp\/v2\/pages\/695","targetHints":{"allow":["GET"]}}],"collection":[{"href":"https:\/\/www.itworkers.fr\/index.php\/wp-json\/wp\/v2\/pages"}],"about":[{"href":"https:\/\/www.itworkers.fr\/index.php\/wp-json\/wp\/v2\/types\/page"}],"author":[{"embeddable":true,"href":"https:\/\/www.itworkers.fr\/index.php\/wp-json\/wp\/v2\/users\/1"}],"replies":[{"embeddable":true,"href":"https:\/\/www.itworkers.fr\/index.php\/wp-json\/wp\/v2\/comments?post=695"}],"version-history":[{"count":6,"href":"https:\/\/www.itworkers.fr\/index.php\/wp-json\/wp\/v2\/pages\/695\/revisions"}],"predecessor-version":[{"id":1680,"href":"https:\/\/www.itworkers.fr\/index.php\/wp-json\/wp\/v2\/pages\/695\/revisions\/1680"}],"wp:attachment":[{"href":"https:\/\/www.itworkers.fr\/index.php\/wp-json\/wp\/v2\/media?parent=695"}],"curies":[{"name":"wp","href":"https:\/\/api.w.org\/{rel}","templated":true}]}}