{"id":721,"date":"2026-04-30T14:27:14","date_gmt":"2026-04-30T12:27:14","guid":{"rendered":"http:\/\/localhost\/wordpress_ITWorkers\/?page_id=721"},"modified":"2026-05-07T17:48:29","modified_gmt":"2026-05-07T15:48:29","slug":"recuperation-de-donnees","status":"publish","type":"page","link":"https:\/\/www.itworkers.fr\/index.php\/recuperation-de-donnees\/","title":{"rendered":"R\u00e9cup\u00e9ration de donn\u00e9es"},"content":{"rendered":"\t\t<div data-elementor-type=\"wp-page\" data-elementor-id=\"721\" class=\"elementor elementor-721\" data-elementor-post-type=\"page\">\n\t\t\t\t<div class=\"elementor-element elementor-element-4b90059 e-con-full e-flex e-con e-parent\" data-id=\"4b90059\" data-element_type=\"container\" data-e-type=\"container\" data-settings=\"{&quot;background_background&quot;:&quot;classic&quot;}\">\n\t\t\t\t<div class=\"elementor-element elementor-element-27a4219 elementor-widget elementor-widget-text-editor\" data-id=\"27a4219\" data-element_type=\"widget\" data-e-type=\"widget\" data-widget_type=\"text-editor.default\">\n\t\t\t\t\t\t\t\t\t<p>L&rsquo;expertise technique au service de vos donn\u00e9es<\/p><p>les plus pr\u00e9cieuses.<\/p>\t\t\t\t\t\t\t\t<\/div>\n\t\t\t\t<div class=\"elementor-element elementor-element-929dc22 elementor-widget elementor-widget-heading\" data-id=\"929dc22\" data-element_type=\"widget\" data-e-type=\"widget\" data-widget_type=\"heading.default\">\n\t\t\t\t\t<h2 class=\"elementor-heading-title elementor-size-default\">R\u00e9cup\u00e9ration de donn\u00e9es<\/h2>\t\t\t\t<\/div>\n\t\t\t\t<\/div>\n\t\t<div class=\"elementor-element elementor-element-9f81702 e-con-full e-flex e-con e-parent\" data-id=\"9f81702\" data-element_type=\"container\" data-e-type=\"container\">\n\t\t<div class=\"elementor-element elementor-element-89e1746 e-con-full e-flex e-con e-child\" data-id=\"89e1746\" data-element_type=\"container\" data-e-type=\"container\" data-settings=\"{&quot;background_background&quot;:&quot;classic&quot;}\">\n\t\t\t\t<\/div>\n\t\t<div class=\"elementor-element elementor-element-00ac40a e-con-full e-flex e-con e-child\" data-id=\"00ac40a\" data-element_type=\"container\" data-e-type=\"container\">\n\t\t\t\t<div class=\"elementor-element elementor-element-42d478a elementor-widget elementor-widget-heading\" data-id=\"42d478a\" data-element_type=\"widget\" data-e-type=\"widget\" data-widget_type=\"heading.default\">\n\t\t\t\t\t<h2 class=\"elementor-heading-title elementor-size-default\">Vos donn\u00e9es ne sont pas perdues<\/h2>\t\t\t\t<\/div>\n\t\t\t\t<div class=\"elementor-element elementor-element-67eaa65 elementor-widget elementor-widget-text-editor\" data-id=\"67eaa65\" data-element_type=\"widget\" data-e-type=\"widget\" data-widget_type=\"text-editor.default\">\n\t\t\t\t\t\t\t\t\t<p>Un clic de trop, un disque qui l\u00e2che, un appareil qui ne r\u00e9pond plus\u2026 et des ann\u00e9es de fichiers qui semblent s&rsquo;\u00e9vaporer.<\/p><p>Chez itworkers, nous intervenons sur tous les supports disques durs, SSD, cl\u00e9s USB, cartes SD avec un objectif clair : r\u00e9cup\u00e9rer le maximum, en toute confidentialit\u00e9.<\/p><p>Chaque intervention commence par un diagnostic honn\u00eate. Vous savez ce qu&rsquo;on peut faire avant qu&rsquo;on le fasse.<\/p>\t\t\t\t\t\t\t\t<\/div>\n\t\t\t\t<div class=\"elementor-element elementor-element-fbfca32 elementor-widget elementor-widget-button\" data-id=\"fbfca32\" data-element_type=\"widget\" data-e-type=\"widget\" data-widget_type=\"button.default\">\n\t\t\t\t\t\t\t\t\t\t<a class=\"elementor-button elementor-button-link elementor-size-sm\" href=\"https:\/\/www.itworkers.fr\/index.php\/contact\/\">\n\t\t\t\t\t\t<span class=\"elementor-button-content-wrapper\">\n\t\t\t\t\t\t\t\t\t<span class=\"elementor-button-text\">Prendre contact<\/span>\n\t\t\t\t\t<\/span>\n\t\t\t\t\t<\/a>\n\t\t\t\t\t\t\t\t<\/div>\n\t\t\t\t<\/div>\n\t\t\t\t<\/div>\n\t\t<div class=\"elementor-element elementor-element-01da335 e-con-full e-flex e-con e-parent\" data-id=\"01da335\" data-element_type=\"container\" data-e-type=\"container\">\n\t\t\t\t<div class=\"elementor-element elementor-element-bddf5a1 elementor-widget elementor-widget-heading\" data-id=\"bddf5a1\" data-element_type=\"widget\" data-e-type=\"widget\" data-widget_type=\"heading.default\">\n\t\t\t\t\t<h2 class=\"elementor-heading-title elementor-size-default\">Les supports pris en charge<\/h2>\t\t\t\t<\/div>\n\t\t<div class=\"elementor-element elementor-element-f6c7011 e-flex e-con-boxed e-con e-child\" data-id=\"f6c7011\" data-element_type=\"container\" data-e-type=\"container\">\n\t\t\t\t\t<div class=\"e-con-inner\">\n\t\t<div class=\"elementor-element elementor-element-7a84cc1 e-con-full e-flex e-con e-child\" data-id=\"7a84cc1\" data-element_type=\"container\" data-e-type=\"container\">\n\t\t\t\t<div class=\"elementor-element elementor-element-0f0cfcd elementor-widget elementor-widget-image\" data-id=\"0f0cfcd\" data-element_type=\"widget\" data-e-type=\"widget\" data-widget_type=\"image.default\">\n\t\t\t\t\t\t\t\t\t\t\t\t\t\t\t<img fetchpriority=\"high\" decoding=\"async\" width=\"683\" height=\"1024\" src=\"https:\/\/www.itworkers.fr\/wp-content\/uploads\/2026\/04\/frank-r-SaiJ_n1TvCU-unsplash-683x1024.jpg\" class=\"elementor-animation-grow attachment-large size-large wp-image-730\" alt=\"R\u00e9cup\u00e9ration de donn\u00e9es en laboratoire sur disque dur HDD d\u00e9fectueux.\" srcset=\"https:\/\/www.itworkers.fr\/wp-content\/uploads\/2026\/04\/frank-r-SaiJ_n1TvCU-unsplash-683x1024.jpg 683w, https:\/\/www.itworkers.fr\/wp-content\/uploads\/2026\/04\/frank-r-SaiJ_n1TvCU-unsplash-200x300.jpg 200w, https:\/\/www.itworkers.fr\/wp-content\/uploads\/2026\/04\/frank-r-SaiJ_n1TvCU-unsplash-768x1152.jpg 768w, https:\/\/www.itworkers.fr\/wp-content\/uploads\/2026\/04\/frank-r-SaiJ_n1TvCU-unsplash-1024x1536.jpg 1024w, https:\/\/www.itworkers.fr\/wp-content\/uploads\/2026\/04\/frank-r-SaiJ_n1TvCU-unsplash-1365x2048.jpg 1365w, https:\/\/www.itworkers.fr\/wp-content\/uploads\/2026\/04\/frank-r-SaiJ_n1TvCU-unsplash-scaled.jpg 1707w\" sizes=\"(max-width: 683px) 100vw, 683px\" \/>\t\t\t\t\t\t\t\t\t\t\t\t\t\t\t<\/div>\n\t\t\t\t<div class=\"elementor-element elementor-element-87352a7 elementor-widget elementor-widget-heading\" data-id=\"87352a7\" data-element_type=\"widget\" data-e-type=\"widget\" data-widget_type=\"heading.default\">\n\t\t\t\t\t<h2 class=\"elementor-heading-title elementor-size-default\">Disque dur<\/h2>\t\t\t\t<\/div>\n\t\t\t\t<\/div>\n\t\t<div class=\"elementor-element elementor-element-1649473 e-con-full e-flex e-con e-child\" data-id=\"1649473\" data-element_type=\"container\" data-e-type=\"container\">\n\t\t\t\t<div class=\"elementor-element elementor-element-5cc4a3a elementor-widget elementor-widget-image\" data-id=\"5cc4a3a\" data-element_type=\"widget\" data-e-type=\"widget\" data-widget_type=\"image.default\">\n\t\t\t\t\t\t\t\t\t\t\t\t\t\t\t<img decoding=\"async\" width=\"800\" height=\"1000\" src=\"https:\/\/www.itworkers.fr\/wp-content\/uploads\/2026\/04\/erik-werlin-ZhFoeRUDXhI-unsplash-819x1024.jpg\" class=\"elementor-animation-grow attachment-large size-large wp-image-729\" alt=\"Installation et r\u00e9cup\u00e9ration de disques SSD haute vitesse pour booster les performances PC.\" srcset=\"https:\/\/www.itworkers.fr\/wp-content\/uploads\/2026\/04\/erik-werlin-ZhFoeRUDXhI-unsplash-819x1024.jpg 819w, https:\/\/www.itworkers.fr\/wp-content\/uploads\/2026\/04\/erik-werlin-ZhFoeRUDXhI-unsplash-240x300.jpg 240w, https:\/\/www.itworkers.fr\/wp-content\/uploads\/2026\/04\/erik-werlin-ZhFoeRUDXhI-unsplash-768x960.jpg 768w, https:\/\/www.itworkers.fr\/wp-content\/uploads\/2026\/04\/erik-werlin-ZhFoeRUDXhI-unsplash-1229x1536.jpg 1229w, https:\/\/www.itworkers.fr\/wp-content\/uploads\/2026\/04\/erik-werlin-ZhFoeRUDXhI-unsplash-1639x2048.jpg 1639w, https:\/\/www.itworkers.fr\/wp-content\/uploads\/2026\/04\/erik-werlin-ZhFoeRUDXhI-unsplash-scaled.jpg 2048w\" sizes=\"(max-width: 800px) 100vw, 800px\" \/>\t\t\t\t\t\t\t\t\t\t\t\t\t\t\t<\/div>\n\t\t\t\t<div class=\"elementor-element elementor-element-243bd9c elementor-widget elementor-widget-heading\" data-id=\"243bd9c\" data-element_type=\"widget\" data-e-type=\"widget\" data-widget_type=\"heading.default\">\n\t\t\t\t\t<h2 class=\"elementor-heading-title elementor-size-default\">SSD<\/h2>\t\t\t\t<\/div>\n\t\t\t\t<\/div>\n\t\t<div class=\"elementor-element elementor-element-b78910d e-con-full e-flex e-con e-child\" data-id=\"b78910d\" data-element_type=\"container\" data-e-type=\"container\">\n\t\t\t\t<div class=\"elementor-element elementor-element-b416af7 elementor-widget elementor-widget-image\" data-id=\"b416af7\" data-element_type=\"widget\" data-e-type=\"widget\" data-widget_type=\"image.default\">\n\t\t\t\t\t\t\t\t\t\t\t\t\t\t\t<img decoding=\"async\" width=\"683\" height=\"1024\" src=\"https:\/\/www.itworkers.fr\/wp-content\/uploads\/2026\/04\/arun-prakash-orDIazrVPLA-unsplash-683x1024.jpg\" class=\"elementor-animation-grow attachment-large size-large wp-image-726\" alt=\"Transfert et sauvegarde de fichiers sur support amovible s\u00e9curis\u00e9.\" srcset=\"https:\/\/www.itworkers.fr\/wp-content\/uploads\/2026\/04\/arun-prakash-orDIazrVPLA-unsplash-683x1024.jpg 683w, https:\/\/www.itworkers.fr\/wp-content\/uploads\/2026\/04\/arun-prakash-orDIazrVPLA-unsplash-200x300.jpg 200w, https:\/\/www.itworkers.fr\/wp-content\/uploads\/2026\/04\/arun-prakash-orDIazrVPLA-unsplash-768x1152.jpg 768w, https:\/\/www.itworkers.fr\/wp-content\/uploads\/2026\/04\/arun-prakash-orDIazrVPLA-unsplash-1024x1536.jpg 1024w, https:\/\/www.itworkers.fr\/wp-content\/uploads\/2026\/04\/arun-prakash-orDIazrVPLA-unsplash-1365x2048.jpg 1365w, https:\/\/www.itworkers.fr\/wp-content\/uploads\/2026\/04\/arun-prakash-orDIazrVPLA-unsplash-scaled.jpg 1707w\" sizes=\"(max-width: 683px) 100vw, 683px\" \/>\t\t\t\t\t\t\t\t\t\t\t\t\t\t\t<\/div>\n\t\t\t\t<div class=\"elementor-element elementor-element-88a68f8 elementor-widget elementor-widget-heading\" data-id=\"88a68f8\" data-element_type=\"widget\" data-e-type=\"widget\" data-widget_type=\"heading.default\">\n\t\t\t\t\t<h2 class=\"elementor-heading-title elementor-size-default\">Cl\u00e9 USB<\/h2>\t\t\t\t<\/div>\n\t\t\t\t<\/div>\n\t\t<div class=\"elementor-element elementor-element-0d2f16c e-con-full e-flex e-con e-child\" data-id=\"0d2f16c\" data-element_type=\"container\" data-e-type=\"container\">\n\t\t\t\t<div class=\"elementor-element elementor-element-c5666cb elementor-widget elementor-widget-image\" data-id=\"c5666cb\" data-element_type=\"widget\" data-e-type=\"widget\" data-widget_type=\"image.default\">\n\t\t\t\t\t\t\t\t\t\t\t\t\t\t\t<img loading=\"lazy\" decoding=\"async\" width=\"769\" height=\"1024\" src=\"https:\/\/www.itworkers.fr\/wp-content\/uploads\/2026\/04\/mike-flamenco-hjBiX9QAZLE-unsplash-769x1024.jpg\" class=\"elementor-animation-grow attachment-large size-large wp-image-732\" alt=\"Service de num\u00e9risation et r\u00e9cup\u00e9ration de supports anciens (Concept).\" srcset=\"https:\/\/www.itworkers.fr\/wp-content\/uploads\/2026\/04\/mike-flamenco-hjBiX9QAZLE-unsplash-769x1024.jpg 769w, https:\/\/www.itworkers.fr\/wp-content\/uploads\/2026\/04\/mike-flamenco-hjBiX9QAZLE-unsplash-225x300.jpg 225w, https:\/\/www.itworkers.fr\/wp-content\/uploads\/2026\/04\/mike-flamenco-hjBiX9QAZLE-unsplash-768x1023.jpg 768w, https:\/\/www.itworkers.fr\/wp-content\/uploads\/2026\/04\/mike-flamenco-hjBiX9QAZLE-unsplash-1153x1536.jpg 1153w, https:\/\/www.itworkers.fr\/wp-content\/uploads\/2026\/04\/mike-flamenco-hjBiX9QAZLE-unsplash-1538x2048.jpg 1538w, https:\/\/www.itworkers.fr\/wp-content\/uploads\/2026\/04\/mike-flamenco-hjBiX9QAZLE-unsplash-scaled.jpg 1922w\" sizes=\"(max-width: 769px) 100vw, 769px\" \/>\t\t\t\t\t\t\t\t\t\t\t\t\t\t\t<\/div>\n\t\t\t\t<div class=\"elementor-element elementor-element-5d7a384 elementor-widget elementor-widget-heading\" data-id=\"5d7a384\" data-element_type=\"widget\" data-e-type=\"widget\" data-widget_type=\"heading.default\">\n\t\t\t\t\t<h2 class=\"elementor-heading-title elementor-size-default\">Cassettes et VHS<\/h2>\t\t\t\t<\/div>\n\t\t\t\t<\/div>\n\t\t<div class=\"elementor-element elementor-element-304ef23 e-con-full e-flex e-con e-child\" data-id=\"304ef23\" data-element_type=\"container\" data-e-type=\"container\">\n\t\t\t\t<div class=\"elementor-element elementor-element-7413dd4 elementor-widget elementor-widget-image\" data-id=\"7413dd4\" data-element_type=\"widget\" data-e-type=\"widget\" data-widget_type=\"image.default\">\n\t\t\t\t\t\t\t\t\t\t\t\t\t\t\t<img loading=\"lazy\" decoding=\"async\" width=\"683\" height=\"1024\" src=\"https:\/\/www.itworkers.fr\/wp-content\/uploads\/2026\/04\/lilartsy-pIrBxsctoWY-unsplash-683x1024.jpg\" class=\"elementor-animation-grow attachment-large size-large wp-image-731\" alt=\"auvegarde sur support physique et r\u00e9cup\u00e9ration de donn\u00e9es optiques.\" srcset=\"https:\/\/www.itworkers.fr\/wp-content\/uploads\/2026\/04\/lilartsy-pIrBxsctoWY-unsplash-683x1024.jpg 683w, https:\/\/www.itworkers.fr\/wp-content\/uploads\/2026\/04\/lilartsy-pIrBxsctoWY-unsplash-200x300.jpg 200w, https:\/\/www.itworkers.fr\/wp-content\/uploads\/2026\/04\/lilartsy-pIrBxsctoWY-unsplash-768x1152.jpg 768w, https:\/\/www.itworkers.fr\/wp-content\/uploads\/2026\/04\/lilartsy-pIrBxsctoWY-unsplash-1024x1536.jpg 1024w, https:\/\/www.itworkers.fr\/wp-content\/uploads\/2026\/04\/lilartsy-pIrBxsctoWY-unsplash-1365x2048.jpg 1365w, https:\/\/www.itworkers.fr\/wp-content\/uploads\/2026\/04\/lilartsy-pIrBxsctoWY-unsplash-scaled.jpg 1707w\" sizes=\"(max-width: 683px) 100vw, 683px\" \/>\t\t\t\t\t\t\t\t\t\t\t\t\t\t\t<\/div>\n\t\t\t\t<div class=\"elementor-element elementor-element-24eead0 elementor-widget elementor-widget-heading\" data-id=\"24eead0\" data-element_type=\"widget\" data-e-type=\"widget\" data-widget_type=\"heading.default\">\n\t\t\t\t\t<h2 class=\"elementor-heading-title elementor-size-default\">DVD<\/h2>\t\t\t\t<\/div>\n\t\t\t\t<\/div>\n\t\t\t\t\t<\/div>\n\t\t\t\t<\/div>\n\t\t\t\t<\/div>\n\t\t<div class=\"elementor-element elementor-element-7a7c1d34 e-flex e-con-boxed e-con e-parent\" data-id=\"7a7c1d34\" data-element_type=\"container\" data-e-type=\"container\" data-settings=\"{&quot;background_background&quot;:&quot;classic&quot;}\">\n\t\t\t\t\t<div class=\"e-con-inner\">\n\t\t\t\t<div class=\"elementor-element elementor-element-1b825ad0 elementor-widget elementor-widget-heading\" data-id=\"1b825ad0\" data-element_type=\"widget\" data-e-type=\"widget\" data-widget_type=\"heading.default\">\n\t\t\t\t\t<h2 class=\"elementor-heading-title elementor-size-default\">Faites r\u00e9cup\u00e9rer vos donn\u00e9es en toute s\u00e9curit\u00e9.<\/h2>\t\t\t\t<\/div>\n\t\t\t\t<div class=\"elementor-element elementor-element-795d5f04 elementor-widget elementor-widget-button\" data-id=\"795d5f04\" data-element_type=\"widget\" data-e-type=\"widget\" data-widget_type=\"button.default\">\n\t\t\t\t\t\t\t\t\t\t<a class=\"elementor-button elementor-button-link elementor-size-sm\" href=\"https:\/\/www.itworkers.fr\/index.php\/contact\/\">\n\t\t\t\t\t\t<span class=\"elementor-button-content-wrapper\">\n\t\t\t\t\t\t\t\t\t<span class=\"elementor-button-text\">Prendre contact<\/span>\n\t\t\t\t\t<\/span>\n\t\t\t\t\t<\/a>\n\t\t\t\t\t\t\t\t<\/div>\n\t\t\t\t\t<\/div>\n\t\t\t\t<\/div>\n\t\t\t\t<\/div>\n\t\t","protected":false},"excerpt":{"rendered":"<p>L&rsquo;expertise technique au service de vos donn\u00e9es les plus pr\u00e9cieuses. R\u00e9cup\u00e9ration de donn\u00e9es Vos donn\u00e9es ne sont pas perdues Un clic de trop, un disque qui l\u00e2che, un appareil qui ne r\u00e9pond plus\u2026 et des ann\u00e9es de fichiers qui semblent s&rsquo;\u00e9vaporer. Chez itworkers, nous intervenons sur tous les supports disques durs, SSD, cl\u00e9s USB, cartes [&hellip;]<\/p>\n","protected":false},"author":1,"featured_media":0,"parent":0,"menu_order":0,"comment_status":"closed","ping_status":"closed","template":"","meta":{"footnotes":""},"class_list":["post-721","page","type-page","status-publish","hentry"],"_links":{"self":[{"href":"https:\/\/www.itworkers.fr\/index.php\/wp-json\/wp\/v2\/pages\/721","targetHints":{"allow":["GET"]}}],"collection":[{"href":"https:\/\/www.itworkers.fr\/index.php\/wp-json\/wp\/v2\/pages"}],"about":[{"href":"https:\/\/www.itworkers.fr\/index.php\/wp-json\/wp\/v2\/types\/page"}],"author":[{"embeddable":true,"href":"https:\/\/www.itworkers.fr\/index.php\/wp-json\/wp\/v2\/users\/1"}],"replies":[{"embeddable":true,"href":"https:\/\/www.itworkers.fr\/index.php\/wp-json\/wp\/v2\/comments?post=721"}],"version-history":[{"count":9,"href":"https:\/\/www.itworkers.fr\/index.php\/wp-json\/wp\/v2\/pages\/721\/revisions"}],"predecessor-version":[{"id":1712,"href":"https:\/\/www.itworkers.fr\/index.php\/wp-json\/wp\/v2\/pages\/721\/revisions\/1712"}],"wp:attachment":[{"href":"https:\/\/www.itworkers.fr\/index.php\/wp-json\/wp\/v2\/media?parent=721"}],"curies":[{"name":"wp","href":"https:\/\/api.w.org\/{rel}","templated":true}]}}