{"id":737,"date":"2026-04-30T14:35:36","date_gmt":"2026-04-30T12:35:36","guid":{"rendered":"http:\/\/localhost\/wordpress_ITWorkers\/?page_id=737"},"modified":"2026-05-07T17:47:15","modified_gmt":"2026-05-07T15:47:15","slug":"solutions-systemes-logiciels","status":"publish","type":"page","link":"https:\/\/www.itworkers.fr\/index.php\/solutions-systemes-logiciels\/","title":{"rendered":"Solutions Syst\u00e8mes &amp; Logiciels"},"content":{"rendered":"\t\t<div data-elementor-type=\"wp-page\" data-elementor-id=\"737\" class=\"elementor elementor-737\" data-elementor-post-type=\"page\">\n\t\t\t\t<div class=\"elementor-element elementor-element-4bfec0e e-con-full e-flex e-con e-parent\" data-id=\"4bfec0e\" data-element_type=\"container\" data-e-type=\"container\" data-settings=\"{&quot;background_background&quot;:&quot;classic&quot;}\">\n\t\t\t\t<div class=\"elementor-element elementor-element-c68e62b elementor-widget elementor-widget-text-editor\" data-id=\"c68e62b\" data-element_type=\"widget\" data-e-type=\"widget\" data-widget_type=\"text-editor.default\">\n\t\t\t\t\t\t\t\t\t<p>Des syst\u00e8mes fiables et des logiciels <br \/>pr\u00eats \u00e0 l\u2019emploi<\/p>\t\t\t\t\t\t\t\t<\/div>\n\t\t\t\t<div class=\"elementor-element elementor-element-0b2d44b elementor-widget elementor-widget-heading\" data-id=\"0b2d44b\" data-element_type=\"widget\" data-e-type=\"widget\" data-widget_type=\"heading.default\">\n\t\t\t\t\t<h2 class=\"elementor-heading-title elementor-size-default\">Solutions Syst\u00e8mes <br>&amp; Logiciels<\/h2>\t\t\t\t<\/div>\n\t\t\t\t<\/div>\n\t\t<div class=\"elementor-element elementor-element-433bc41 e-con-full e-flex e-con e-parent\" data-id=\"433bc41\" data-element_type=\"container\" data-e-type=\"container\">\n\t\t<div class=\"elementor-element elementor-element-1533b72 e-con-full e-flex e-con e-child\" data-id=\"1533b72\" data-element_type=\"container\" data-e-type=\"container\" data-settings=\"{&quot;background_background&quot;:&quot;classic&quot;}\">\n\t\t\t\t<\/div>\n\t\t<div class=\"elementor-element elementor-element-cba7504 e-con-full e-flex e-con e-child\" data-id=\"cba7504\" data-element_type=\"container\" data-e-type=\"container\">\n\t\t\t\t<div class=\"elementor-element elementor-element-4d558fd elementor-widget elementor-widget-heading\" data-id=\"4d558fd\" data-element_type=\"widget\" data-e-type=\"widget\" data-widget_type=\"heading.default\">\n\t\t\t\t\t<h2 class=\"elementor-heading-title elementor-size-default\">Installation et configuration\nsur mesure<\/h2>\t\t\t\t<\/div>\n\t\t\t\t<div class=\"elementor-element elementor-element-e1a7cf8 elementor-widget elementor-widget-text-editor\" data-id=\"e1a7cf8\" data-element_type=\"widget\" data-e-type=\"widget\" data-widget_type=\"text-editor.default\">\n\t\t\t\t\t\t\t\t\t<p>Nous installons et configurons vos syst\u00e8mes d\u2019exploitation et logiciels pour garantir un environnement de travail stable, s\u00e9curis\u00e9 et adapt\u00e9 \u00e0 vos besoins.<\/p><p>Chaque solution est optimis\u00e9e pour une prise en main rapide et une utilisation sans contrainte au quotidien.<\/p>\t\t\t\t\t\t\t\t<\/div>\n\t\t\t\t<div class=\"elementor-element elementor-element-9cbe59a elementor-widget elementor-widget-button\" data-id=\"9cbe59a\" data-element_type=\"widget\" data-e-type=\"widget\" data-widget_type=\"button.default\">\n\t\t\t\t\t\t\t\t\t\t<a class=\"elementor-button elementor-button-link elementor-size-sm\" href=\"https:\/\/www.itworkers.fr\/index.php\/contact\/\">\n\t\t\t\t\t\t<span class=\"elementor-button-content-wrapper\">\n\t\t\t\t\t\t\t\t\t<span class=\"elementor-button-text\">Prendre contact<\/span>\n\t\t\t\t\t<\/span>\n\t\t\t\t\t<\/a>\n\t\t\t\t\t\t\t\t<\/div>\n\t\t\t\t<\/div>\n\t\t\t\t<\/div>\n\t\t<div class=\"elementor-element elementor-element-8ca314d e-con-full e-flex e-con e-parent\" data-id=\"8ca314d\" data-element_type=\"container\" data-e-type=\"container\">\n\t\t\t\t<div class=\"elementor-element elementor-element-e8a89b7 elementor-widget elementor-widget-heading\" data-id=\"e8a89b7\" data-element_type=\"widget\" data-e-type=\"widget\" data-widget_type=\"heading.default\">\n\t\t\t\t\t<h2 class=\"elementor-heading-title elementor-size-default\">Logiciels<\/h2>\t\t\t\t<\/div>\n\t\t<div class=\"elementor-element elementor-element-cf6a67e e-flex e-con-boxed e-con e-child\" data-id=\"cf6a67e\" data-element_type=\"container\" data-e-type=\"container\">\n\t\t\t\t\t<div class=\"e-con-inner\">\n\t\t<div class=\"elementor-element elementor-element-ab83a76 e-con-full e-flex e-con e-child\" data-id=\"ab83a76\" data-element_type=\"container\" data-e-type=\"container\">\n\t\t\t\t<div class=\"elementor-element elementor-element-d65b0c8 elementor-widget elementor-widget-image\" data-id=\"d65b0c8\" data-element_type=\"widget\" data-e-type=\"widget\" data-widget_type=\"image.default\">\n\t\t\t\t\t\t\t\t\t\t\t\t\t\t\t<img fetchpriority=\"high\" decoding=\"async\" width=\"800\" height=\"800\" src=\"https:\/\/www.itworkers.fr\/wp-content\/uploads\/2026\/04\/Logo_ebp_2025-1024x1024.jpg\" class=\"elementor-animation-grow attachment-large size-large wp-image-749\" alt=\"Installation et formation sur les logiciels de gestion EBP.\" srcset=\"https:\/\/www.itworkers.fr\/wp-content\/uploads\/2026\/04\/Logo_ebp_2025-1024x1024.jpg 1024w, https:\/\/www.itworkers.fr\/wp-content\/uploads\/2026\/04\/Logo_ebp_2025-300x300.jpg 300w, https:\/\/www.itworkers.fr\/wp-content\/uploads\/2026\/04\/Logo_ebp_2025-150x150.jpg 150w, https:\/\/www.itworkers.fr\/wp-content\/uploads\/2026\/04\/Logo_ebp_2025-768x768.jpg 768w, https:\/\/www.itworkers.fr\/wp-content\/uploads\/2026\/04\/Logo_ebp_2025.jpg 1080w\" sizes=\"(max-width: 800px) 100vw, 800px\" \/>\t\t\t\t\t\t\t\t\t\t\t\t\t\t\t<\/div>\n\t\t\t\t<div class=\"elementor-element elementor-element-def5a66 elementor-widget elementor-widget-heading\" data-id=\"def5a66\" data-element_type=\"widget\" data-e-type=\"widget\" data-widget_type=\"heading.default\">\n\t\t\t\t\t<h2 class=\"elementor-heading-title elementor-size-default\">EBP<\/h2>\t\t\t\t<\/div>\n\t\t\t\t<\/div>\n\t\t<div class=\"elementor-element elementor-element-ccaac7d e-con-full e-flex e-con e-child\" data-id=\"ccaac7d\" data-element_type=\"container\" data-e-type=\"container\">\n\t\t\t\t<div class=\"elementor-element elementor-element-a31456e elementor-widget elementor-widget-image\" data-id=\"a31456e\" data-element_type=\"widget\" data-e-type=\"widget\" data-widget_type=\"image.default\">\n\t\t\t\t\t\t\t\t\t\t\t\t\t\t\t<img decoding=\"async\" width=\"800\" height=\"316\" src=\"https:\/\/www.itworkers.fr\/wp-content\/uploads\/2026\/04\/ESET_logo.svg-1024x405.png\" class=\"elementor-animation-grow attachment-large size-large wp-image-747\" alt=\"Logo EsET - solution antivirus pour particulier et professionnels\" srcset=\"https:\/\/www.itworkers.fr\/wp-content\/uploads\/2026\/04\/ESET_logo.svg-1024x405.png 1024w, https:\/\/www.itworkers.fr\/wp-content\/uploads\/2026\/04\/ESET_logo.svg-300x119.png 300w, https:\/\/www.itworkers.fr\/wp-content\/uploads\/2026\/04\/ESET_logo.svg-768x304.png 768w, https:\/\/www.itworkers.fr\/wp-content\/uploads\/2026\/04\/ESET_logo.svg.png 1280w\" sizes=\"(max-width: 800px) 100vw, 800px\" \/>\t\t\t\t\t\t\t\t\t\t\t\t\t\t\t<\/div>\n\t\t\t\t<div class=\"elementor-element elementor-element-b486a91 elementor-widget elementor-widget-heading\" data-id=\"b486a91\" data-element_type=\"widget\" data-e-type=\"widget\" data-widget_type=\"heading.default\">\n\t\t\t\t\t<h2 class=\"elementor-heading-title elementor-size-default\">Antivirus<\/h2>\t\t\t\t<\/div>\n\t\t\t\t<\/div>\n\t\t<div class=\"elementor-element elementor-element-79fe63b e-con-full e-flex e-con e-child\" data-id=\"79fe63b\" data-element_type=\"container\" data-e-type=\"container\">\n\t\t\t\t<div class=\"elementor-element elementor-element-350f410 elementor-widget elementor-widget-image\" data-id=\"350f410\" data-element_type=\"widget\" data-e-type=\"widget\" data-widget_type=\"image.default\">\n\t\t\t\t\t\t\t\t\t\t\t\t\t\t\t<img decoding=\"async\" width=\"793\" height=\"1024\" src=\"https:\/\/www.itworkers.fr\/wp-content\/uploads\/2026\/04\/Microsoft-Office-Logo-e1778168808391-793x1024.png\" class=\"elementor-animation-grow attachment-large size-large wp-image-752\" alt=\"Expertise installation et d\u00e9pannage suite Microsoft Office 365.\" srcset=\"https:\/\/www.itworkers.fr\/wp-content\/uploads\/2026\/04\/Microsoft-Office-Logo-e1778168808391-793x1024.png 793w, https:\/\/www.itworkers.fr\/wp-content\/uploads\/2026\/04\/Microsoft-Office-Logo-e1778168808391-232x300.png 232w, https:\/\/www.itworkers.fr\/wp-content\/uploads\/2026\/04\/Microsoft-Office-Logo-e1778168808391-768x992.png 768w, https:\/\/www.itworkers.fr\/wp-content\/uploads\/2026\/04\/Microsoft-Office-Logo-e1778168808391.png 964w\" sizes=\"(max-width: 793px) 100vw, 793px\" \/>\t\t\t\t\t\t\t\t\t\t\t\t\t\t\t<\/div>\n\t\t\t\t<div class=\"elementor-element elementor-element-5adc923 elementor-widget elementor-widget-heading\" data-id=\"5adc923\" data-element_type=\"widget\" data-e-type=\"widget\" data-widget_type=\"heading.default\">\n\t\t\t\t\t<h2 class=\"elementor-heading-title elementor-size-default\">Pack office<\/h2>\t\t\t\t<\/div>\n\t\t\t\t<\/div>\n\t\t<div class=\"elementor-element elementor-element-9b09877 e-con-full e-flex e-con e-child\" data-id=\"9b09877\" data-element_type=\"container\" data-e-type=\"container\">\n\t\t\t\t<div class=\"elementor-element elementor-element-5b74ae8 elementor-widget elementor-widget-image\" data-id=\"5b74ae8\" data-element_type=\"widget\" data-e-type=\"widget\" data-widget_type=\"image.default\">\n\t\t\t\t\t\t\t\t\t\t\t\t\t\t\t<img loading=\"lazy\" decoding=\"async\" width=\"512\" height=\"512\" src=\"https:\/\/www.itworkers.fr\/wp-content\/uploads\/2026\/04\/8964273.png\" class=\"elementor-animation-grow attachment-large size-large wp-image-746\" alt=\"T\u00e9l\u00e9chargement de mises \u00e0 jour syst\u00e8me pour s\u00e9curit\u00e9 ordinateur portable.\" srcset=\"https:\/\/www.itworkers.fr\/wp-content\/uploads\/2026\/04\/8964273.png 512w, https:\/\/www.itworkers.fr\/wp-content\/uploads\/2026\/04\/8964273-300x300.png 300w, https:\/\/www.itworkers.fr\/wp-content\/uploads\/2026\/04\/8964273-150x150.png 150w\" sizes=\"(max-width: 512px) 100vw, 512px\" \/>\t\t\t\t\t\t\t\t\t\t\t\t\t\t\t<\/div>\n\t\t\t\t<div class=\"elementor-element elementor-element-fbeb633 elementor-widget elementor-widget-heading\" data-id=\"fbeb633\" data-element_type=\"widget\" data-e-type=\"widget\" data-widget_type=\"heading.default\">\n\t\t\t\t\t<h2 class=\"elementor-heading-title elementor-size-default\">Tout logiciels gratuit<\/h2>\t\t\t\t<\/div>\n\t\t\t\t<\/div>\n\t\t\t\t\t<\/div>\n\t\t\t\t<\/div>\n\t\t\t\t<\/div>\n\t\t<div class=\"elementor-element elementor-element-27fea19 e-con-full e-flex e-con e-parent\" data-id=\"27fea19\" data-element_type=\"container\" data-e-type=\"container\">\n\t\t\t\t<div class=\"elementor-element elementor-element-cb0aa87 elementor-widget elementor-widget-heading\" data-id=\"cb0aa87\" data-element_type=\"widget\" data-e-type=\"widget\" data-widget_type=\"heading.default\">\n\t\t\t\t\t<h2 class=\"elementor-heading-title elementor-size-default\">Syst\u00e8mes d\u2019exploitation<\/h2>\t\t\t\t<\/div>\n\t\t<div class=\"elementor-element elementor-element-dbeb1fa e-flex e-con-boxed e-con e-child\" data-id=\"dbeb1fa\" data-element_type=\"container\" data-e-type=\"container\">\n\t\t\t\t\t<div class=\"e-con-inner\">\n\t\t<div class=\"elementor-element elementor-element-ce231e9 e-con-full e-flex e-con e-child\" data-id=\"ce231e9\" data-element_type=\"container\" data-e-type=\"container\">\n\t\t\t\t<div class=\"elementor-element elementor-element-997e7ba elementor-widget elementor-widget-image\" data-id=\"997e7ba\" data-element_type=\"widget\" data-e-type=\"widget\" data-widget_type=\"image.default\">\n\t\t\t\t\t\t\t\t\t\t\t\t\t\t\t<img loading=\"lazy\" decoding=\"async\" width=\"512\" height=\"512\" src=\"https:\/\/www.itworkers.fr\/wp-content\/uploads\/2026\/04\/microsoft_windows_icon_2015-2021-logo_brandlogos.net_giidx-512x512-1.png\" class=\"elementor-animation-grow attachment-large size-large wp-image-751\" alt=\"Migration, installation et support syst\u00e8me Windows 11 Pro.\" srcset=\"https:\/\/www.itworkers.fr\/wp-content\/uploads\/2026\/04\/microsoft_windows_icon_2015-2021-logo_brandlogos.net_giidx-512x512-1.png 512w, https:\/\/www.itworkers.fr\/wp-content\/uploads\/2026\/04\/microsoft_windows_icon_2015-2021-logo_brandlogos.net_giidx-512x512-1-300x300.png 300w, https:\/\/www.itworkers.fr\/wp-content\/uploads\/2026\/04\/microsoft_windows_icon_2015-2021-logo_brandlogos.net_giidx-512x512-1-150x150.png 150w\" sizes=\"(max-width: 512px) 100vw, 512px\" \/>\t\t\t\t\t\t\t\t\t\t\t\t\t\t\t<\/div>\n\t\t\t\t<div class=\"elementor-element elementor-element-9d9a254 elementor-widget elementor-widget-heading\" data-id=\"9d9a254\" data-element_type=\"widget\" data-e-type=\"widget\" data-widget_type=\"heading.default\">\n\t\t\t\t\t<h2 class=\"elementor-heading-title elementor-size-default\">Windows<\/h2>\t\t\t\t<\/div>\n\t\t\t\t<\/div>\n\t\t<div class=\"elementor-element elementor-element-57c2e0d e-con-full e-flex e-con e-child\" data-id=\"57c2e0d\" data-element_type=\"container\" data-e-type=\"container\">\n\t\t\t\t<div class=\"elementor-element elementor-element-2555c37 elementor-widget elementor-widget-image\" data-id=\"2555c37\" data-element_type=\"widget\" data-e-type=\"widget\" data-widget_type=\"image.default\">\n\t\t\t\t\t\t\t\t\t\t\t\t\t\t\t<img loading=\"lazy\" decoding=\"async\" width=\"512\" height=\"512\" src=\"https:\/\/www.itworkers.fr\/wp-content\/uploads\/2026\/04\/25719.png\" class=\"elementor-animation-grow attachment-large size-large wp-image-745\" alt=\"Expertise syst\u00e8mes Linux, installation de serveurs et administration Open Source.\" srcset=\"https:\/\/www.itworkers.fr\/wp-content\/uploads\/2026\/04\/25719.png 512w, https:\/\/www.itworkers.fr\/wp-content\/uploads\/2026\/04\/25719-300x300.png 300w, https:\/\/www.itworkers.fr\/wp-content\/uploads\/2026\/04\/25719-150x150.png 150w\" sizes=\"(max-width: 512px) 100vw, 512px\" \/>\t\t\t\t\t\t\t\t\t\t\t\t\t\t\t<\/div>\n\t\t\t\t<div class=\"elementor-element elementor-element-6109ab8 elementor-widget elementor-widget-heading\" data-id=\"6109ab8\" data-element_type=\"widget\" data-e-type=\"widget\" data-widget_type=\"heading.default\">\n\t\t\t\t\t<h2 class=\"elementor-heading-title elementor-size-default\">Linux<\/h2>\t\t\t\t<\/div>\n\t\t\t\t<\/div>\n\t\t<div class=\"elementor-element elementor-element-76682bf e-con-full e-flex e-con e-child\" data-id=\"76682bf\" data-element_type=\"container\" data-e-type=\"container\">\n\t\t\t\t<div class=\"elementor-element elementor-element-61ae99d elementor-widget elementor-widget-image\" data-id=\"61ae99d\" data-element_type=\"widget\" data-e-type=\"widget\" data-widget_type=\"image.default\">\n\t\t\t\t\t\t\t\t\t\t\t\t\t\t\t<img loading=\"lazy\" decoding=\"async\" width=\"570\" height=\"570\" src=\"https:\/\/www.itworkers.fr\/wp-content\/uploads\/2026\/04\/il_570xN.2247224229_f5ci.jpg.webp\" class=\"elementor-animation-grow attachment-large size-large wp-image-748\" alt=\"Optimisation de configurations et installation steam os PC Gaming et plateformes de jeux.\" srcset=\"https:\/\/www.itworkers.fr\/wp-content\/uploads\/2026\/04\/il_570xN.2247224229_f5ci.jpg.webp 570w, https:\/\/www.itworkers.fr\/wp-content\/uploads\/2026\/04\/il_570xN.2247224229_f5ci.jpg-300x300.webp 300w, https:\/\/www.itworkers.fr\/wp-content\/uploads\/2026\/04\/il_570xN.2247224229_f5ci.jpg-150x150.webp 150w\" sizes=\"(max-width: 570px) 100vw, 570px\" \/>\t\t\t\t\t\t\t\t\t\t\t\t\t\t\t<\/div>\n\t\t\t\t<div class=\"elementor-element elementor-element-e9c9e2b elementor-widget elementor-widget-heading\" data-id=\"e9c9e2b\" data-element_type=\"widget\" data-e-type=\"widget\" data-widget_type=\"heading.default\">\n\t\t\t\t\t<h2 class=\"elementor-heading-title elementor-size-default\">Steam OS<\/h2>\t\t\t\t<\/div>\n\t\t\t\t<\/div>\n\t\t<div class=\"elementor-element elementor-element-4da8351 e-con-full e-flex e-con e-child\" data-id=\"4da8351\" data-element_type=\"container\" data-e-type=\"container\">\n\t\t\t\t<div class=\"elementor-element elementor-element-c6f39de elementor-widget elementor-widget-image\" data-id=\"c6f39de\" data-element_type=\"widget\" data-e-type=\"widget\" data-widget_type=\"image.default\">\n\t\t\t\t\t\t\t\t\t\t\t\t\t\t\t<img loading=\"lazy\" decoding=\"async\" width=\"800\" height=\"809\" src=\"https:\/\/www.itworkers.fr\/wp-content\/uploads\/2026\/04\/macOS-Symbol-scaled-e1778168778586-1013x1024.png\" class=\"elementor-animation-grow attachment-large size-large wp-image-750\" alt=\"Maintenance et assistance technique sp\u00e9cialis\u00e9e Apple macOS.\" srcset=\"https:\/\/www.itworkers.fr\/wp-content\/uploads\/2026\/04\/macOS-Symbol-scaled-e1778168778586-1013x1024.png 1013w, https:\/\/www.itworkers.fr\/wp-content\/uploads\/2026\/04\/macOS-Symbol-scaled-e1778168778586-297x300.png 297w, https:\/\/www.itworkers.fr\/wp-content\/uploads\/2026\/04\/macOS-Symbol-scaled-e1778168778586-768x776.png 768w, https:\/\/www.itworkers.fr\/wp-content\/uploads\/2026\/04\/macOS-Symbol-scaled-e1778168778586.png 1425w\" sizes=\"(max-width: 800px) 100vw, 800px\" \/>\t\t\t\t\t\t\t\t\t\t\t\t\t\t\t<\/div>\n\t\t\t\t<div class=\"elementor-element elementor-element-09f358b elementor-widget elementor-widget-heading\" data-id=\"09f358b\" data-element_type=\"widget\" data-e-type=\"widget\" data-widget_type=\"heading.default\">\n\t\t\t\t\t<h2 class=\"elementor-heading-title elementor-size-default\">R\u00e9installation MacOS<\/h2>\t\t\t\t<\/div>\n\t\t\t\t<\/div>\n\t\t\t\t\t<\/div>\n\t\t\t\t<\/div>\n\t\t\t\t<\/div>\n\t\t<div class=\"elementor-element elementor-element-79209771 e-flex e-con-boxed e-con e-parent\" data-id=\"79209771\" data-element_type=\"container\" data-e-type=\"container\" data-settings=\"{&quot;background_background&quot;:&quot;classic&quot;}\">\n\t\t\t\t\t<div class=\"e-con-inner\">\n\t\t\t\t<div class=\"elementor-element elementor-element-47e5aab elementor-widget elementor-widget-heading\" data-id=\"47e5aab\" data-element_type=\"widget\" data-e-type=\"widget\" data-widget_type=\"heading.default\">\n\t\t\t\t\t<h2 class=\"elementor-heading-title elementor-size-default\">Simplifiez votre environnement informatique d\u00e8s aujourd\u2019hui.<\/h2>\t\t\t\t<\/div>\n\t\t\t\t<div class=\"elementor-element elementor-element-321bc1f8 elementor-widget elementor-widget-button\" data-id=\"321bc1f8\" data-element_type=\"widget\" data-e-type=\"widget\" data-widget_type=\"button.default\">\n\t\t\t\t\t\t\t\t\t\t<a class=\"elementor-button elementor-button-link elementor-size-sm\" href=\"https:\/\/www.itworkers.fr\/index.php\/contact\/\">\n\t\t\t\t\t\t<span class=\"elementor-button-content-wrapper\">\n\t\t\t\t\t\t\t\t\t<span class=\"elementor-button-text\">Prendre contact<\/span>\n\t\t\t\t\t<\/span>\n\t\t\t\t\t<\/a>\n\t\t\t\t\t\t\t\t<\/div>\n\t\t\t\t\t<\/div>\n\t\t\t\t<\/div>\n\t\t\t\t<\/div>\n\t\t","protected":false},"excerpt":{"rendered":"<p>Des syst\u00e8mes fiables et des logiciels pr\u00eats \u00e0 l\u2019emploi Solutions Syst\u00e8mes &amp; Logiciels Installation et configuration sur mesure Nous installons et configurons vos syst\u00e8mes d\u2019exploitation et logiciels pour garantir un environnement de travail stable, s\u00e9curis\u00e9 et adapt\u00e9 \u00e0 vos besoins. Chaque solution est optimis\u00e9e pour une prise en main rapide et une utilisation sans contrainte [&hellip;]<\/p>\n","protected":false},"author":1,"featured_media":0,"parent":0,"menu_order":0,"comment_status":"closed","ping_status":"closed","template":"","meta":{"footnotes":""},"class_list":["post-737","page","type-page","status-publish","hentry"],"_links":{"self":[{"href":"https:\/\/www.itworkers.fr\/index.php\/wp-json\/wp\/v2\/pages\/737","targetHints":{"allow":["GET"]}}],"collection":[{"href":"https:\/\/www.itworkers.fr\/index.php\/wp-json\/wp\/v2\/pages"}],"about":[{"href":"https:\/\/www.itworkers.fr\/index.php\/wp-json\/wp\/v2\/types\/page"}],"author":[{"embeddable":true,"href":"https:\/\/www.itworkers.fr\/index.php\/wp-json\/wp\/v2\/users\/1"}],"replies":[{"embeddable":true,"href":"https:\/\/www.itworkers.fr\/index.php\/wp-json\/wp\/v2\/comments?post=737"}],"version-history":[{"count":3,"href":"https:\/\/www.itworkers.fr\/index.php\/wp-json\/wp\/v2\/pages\/737\/revisions"}],"predecessor-version":[{"id":1709,"href":"https:\/\/www.itworkers.fr\/index.php\/wp-json\/wp\/v2\/pages\/737\/revisions\/1709"}],"wp:attachment":[{"href":"https:\/\/www.itworkers.fr\/index.php\/wp-json\/wp\/v2\/media?parent=737"}],"curies":[{"name":"wp","href":"https:\/\/api.w.org\/{rel}","templated":true}]}}