{"id":953,"date":"2026-04-30T18:51:28","date_gmt":"2026-04-30T16:51:28","guid":{"rendered":"http:\/\/localhost\/wordpress_ITWorkers\/?page_id=953"},"modified":"2026-05-06T15:13:21","modified_gmt":"2026-05-06T13:13:21","slug":"ecrans-interactifs","status":"publish","type":"page","link":"https:\/\/www.itworkers.fr\/index.php\/ecrans-interactifs\/","title":{"rendered":"\u00c9crans int\u00e9ractifs"},"content":{"rendered":"\t\t<div data-elementor-type=\"wp-page\" data-elementor-id=\"953\" class=\"elementor elementor-953\" data-elementor-post-type=\"page\">\n\t\t\t\t<div class=\"elementor-element elementor-element-8f06f26 e-con-full e-flex e-con e-parent\" data-id=\"8f06f26\" data-element_type=\"container\" data-e-type=\"container\" data-settings=\"{&quot;background_background&quot;:&quot;classic&quot;}\">\n\t\t\t\t<div class=\"elementor-element elementor-element-8a01938 elementor-widget elementor-widget-text-editor\" data-id=\"8a01938\" data-element_type=\"widget\" data-e-type=\"widget\" data-widget_type=\"text-editor.default\">\n\t\t\t\t\t\t\t\t\t<p>Une solution de collaboration intelligente.<\/p>\t\t\t\t\t\t\t\t<\/div>\n\t\t\t\t<div class=\"elementor-element elementor-element-cd4670c elementor-widget elementor-widget-heading\" data-id=\"cd4670c\" data-element_type=\"widget\" data-e-type=\"widget\" data-widget_type=\"heading.default\">\n\t\t\t\t\t<h2 class=\"elementor-heading-title elementor-size-default\">\u00c9crans int\u00e9ractifs<\/h2>\t\t\t\t<\/div>\n\t\t\t\t<\/div>\n\t\t<div class=\"elementor-element elementor-element-e696b05 e-con-full e-flex e-con e-parent\" data-id=\"e696b05\" data-element_type=\"container\" data-e-type=\"container\">\n\t\t<div class=\"elementor-element elementor-element-3edc5ef e-con-full e-flex e-con e-child\" data-id=\"3edc5ef\" data-element_type=\"container\" data-e-type=\"container\" data-settings=\"{&quot;background_background&quot;:&quot;classic&quot;}\">\n\t\t\t\t<\/div>\n\t\t<div class=\"elementor-element elementor-element-c4684cc e-con-full e-flex e-con e-child\" data-id=\"c4684cc\" data-element_type=\"container\" data-e-type=\"container\">\n\t\t\t\t<div class=\"elementor-element elementor-element-086cb59 elementor-widget elementor-widget-heading\" data-id=\"086cb59\" data-element_type=\"widget\" data-e-type=\"widget\" data-widget_type=\"heading.default\">\n\t\t\t\t\t<h2 class=\"elementor-heading-title elementor-size-default\">L\u2019interaction au c\u0153ur de vos \u00e9changes professionnels<\/h2>\t\t\t\t<\/div>\n\t\t\t\t<div class=\"elementor-element elementor-element-ef4468f elementor-widget elementor-widget-text-editor\" data-id=\"ef4468f\" data-element_type=\"widget\" data-e-type=\"widget\" data-widget_type=\"text-editor.default\">\n\t\t\t\t\t\t\t\t\t<p>Les \u00e9crans interactifs transforment vos r\u00e9unions, pr\u00e9sentations et collaborations en v\u00e9ritables exp\u00e9riences dynamiques.<\/p><p>De l\u2019installation \u00e0 la prise en main, nous int\u00e9grons des solutions intuitives et performantes qui favorisent le travail collaboratif, le partage instantan\u00e9 de contenus et la fluidit\u00e9 des \u00e9changes.<\/p><p>Nous assurons \u00e9galement le suivi et la maintenance de vos \u00e9quipements pour garantir leur fiabilit\u00e9 et leur performance au quotidien.<\/p>\t\t\t\t\t\t\t\t<\/div>\n\t\t\t\t<div class=\"elementor-element elementor-element-3b46e5e elementor-widget elementor-widget-button\" data-id=\"3b46e5e\" data-element_type=\"widget\" data-e-type=\"widget\" data-widget_type=\"button.default\">\n\t\t\t\t\t\t\t\t\t\t<a class=\"elementor-button elementor-button-link elementor-size-sm\" href=\"https:\/\/www.itworkers.fr\/index.php\/contact\/\">\n\t\t\t\t\t\t<span class=\"elementor-button-content-wrapper\">\n\t\t\t\t\t\t\t\t\t<span class=\"elementor-button-text\">Prendre contact<\/span>\n\t\t\t\t\t<\/span>\n\t\t\t\t\t<\/a>\n\t\t\t\t\t\t\t\t<\/div>\n\t\t\t\t<\/div>\n\t\t\t\t<\/div>\n\t\t<div class=\"elementor-element elementor-element-a7e1ade e-con-full e-flex e-con e-parent\" data-id=\"a7e1ade\" data-element_type=\"container\" data-e-type=\"container\">\n\t\t\t\t<div class=\"elementor-element elementor-element-6278512 elementor-widget elementor-widget-heading\" data-id=\"6278512\" data-element_type=\"widget\" data-e-type=\"widget\" data-widget_type=\"heading.default\">\n\t\t\t\t\t<h2 class=\"elementor-heading-title elementor-size-default\">Les points forts<\/h2>\t\t\t\t<\/div>\n\t\t<div class=\"elementor-element elementor-element-8ca1a96 e-flex e-con-boxed e-con e-child\" data-id=\"8ca1a96\" data-element_type=\"container\" data-e-type=\"container\">\n\t\t\t\t\t<div class=\"e-con-inner\">\n\t\t<div class=\"elementor-element elementor-element-bb9d3d0 e-con-full e-flex e-con e-child\" data-id=\"bb9d3d0\" data-element_type=\"container\" data-e-type=\"container\">\n\t\t\t\t<div class=\"elementor-element elementor-element-01d544d elementor-widget elementor-widget-image\" data-id=\"01d544d\" data-element_type=\"widget\" data-e-type=\"widget\" data-widget_type=\"image.default\">\n\t\t\t\t\t\t\t\t\t\t\t\t\t\t\t<img decoding=\"async\" width=\"100\" height=\"100\" src=\"https:\/\/www.itworkers.fr\/wp-content\/uploads\/2026\/05\/Icone-1.svg\" class=\"elementor-animation-grow attachment-large size-large wp-image-964\" alt=\"Ic\u00f4ne \u00e9quipe et support client - Dimension humaine IT Workers.\" \/>\t\t\t\t\t\t\t\t\t\t\t\t\t\t\t<\/div>\n\t\t\t\t<div class=\"elementor-element elementor-element-bfd705c elementor-widget elementor-widget-heading\" data-id=\"bfd705c\" data-element_type=\"widget\" data-e-type=\"widget\" data-widget_type=\"heading.default\">\n\t\t\t\t\t<h2 class=\"elementor-heading-title elementor-size-default\">Collaboration instantan\u00e9e<\/h2>\t\t\t\t<\/div>\n\t\t\t\t<div class=\"elementor-element elementor-element-82754b6 elementor-widget elementor-widget-text-editor\" data-id=\"82754b6\" data-element_type=\"widget\" data-e-type=\"widget\" data-widget_type=\"text-editor.default\">\n\t\t\t\t\t\t\t\t\t<p>Partage d\u2019\u00e9cran sans fil et annotation en temps r\u00e9el pour des r\u00e9unions plus fluides.<\/p>\t\t\t\t\t\t\t\t<\/div>\n\t\t\t\t<\/div>\n\t\t<div class=\"elementor-element elementor-element-d773611 e-con-full e-flex e-con e-child\" data-id=\"d773611\" data-element_type=\"container\" data-e-type=\"container\">\n\t\t\t\t<div class=\"elementor-element elementor-element-8066a17 elementor-widget elementor-widget-image\" data-id=\"8066a17\" data-element_type=\"widget\" data-e-type=\"widget\" data-widget_type=\"image.default\">\n\t\t\t\t\t\t\t\t\t\t\t\t\t\t\t<img decoding=\"async\" width=\"100\" height=\"100\" src=\"https:\/\/www.itworkers.fr\/wp-content\/uploads\/2026\/05\/Icone-2.svg\" class=\"elementor-animation-grow attachment-large size-large wp-image-965\" alt=\"Ic\u00f4ne horloge noire - Service de maintenance 24\/7 et r\u00e9activit\u00e9 IT.\" \/>\t\t\t\t\t\t\t\t\t\t\t\t\t\t\t<\/div>\n\t\t\t\t<div class=\"elementor-element elementor-element-192dd8b elementor-widget elementor-widget-heading\" data-id=\"192dd8b\" data-element_type=\"widget\" data-e-type=\"widget\" data-widget_type=\"heading.default\">\n\t\t\t\t\t<h2 class=\"elementor-heading-title elementor-size-default\">Gain de temps<\/h2>\t\t\t\t<\/div>\n\t\t\t\t<div class=\"elementor-element elementor-element-47dcaa7 elementor-widget elementor-widget-text-editor\" data-id=\"47dcaa7\" data-element_type=\"widget\" data-e-type=\"widget\" data-widget_type=\"text-editor.default\">\n\t\t\t\t\t\t\t\t\t<p>Centralisation des outils (pr\u00e9sentation, visio, tableau blanc) sur un seul support.<\/p>\t\t\t\t\t\t\t\t<\/div>\n\t\t\t\t<\/div>\n\t\t<div class=\"elementor-element elementor-element-d236c3f e-con-full e-flex e-con e-child\" data-id=\"d236c3f\" data-element_type=\"container\" data-e-type=\"container\">\n\t\t\t\t<div class=\"elementor-element elementor-element-5d7dca1 elementor-widget elementor-widget-image\" data-id=\"5d7dca1\" data-element_type=\"widget\" data-e-type=\"widget\" data-widget_type=\"image.default\">\n\t\t\t\t\t\t\t\t\t\t\t\t\t\t\t<img decoding=\"async\" width=\"100\" height=\"100\" src=\"https:\/\/www.itworkers.fr\/wp-content\/uploads\/2026\/05\/Icone-3.svg\" class=\"elementor-animation-grow attachment-large size-large wp-image-966\" alt=\"Ic\u00f4ne biom\u00e9trie bleue - S\u00e9curit\u00e9 et contr\u00f4le d&#039;acc\u00e8s par empreinte digitale.\" \/>\t\t\t\t\t\t\t\t\t\t\t\t\t\t\t<\/div>\n\t\t\t\t<div class=\"elementor-element elementor-element-8d9ee29 elementor-widget elementor-widget-heading\" data-id=\"8d9ee29\" data-element_type=\"widget\" data-e-type=\"widget\" data-widget_type=\"heading.default\">\n\t\t\t\t\t<h2 class=\"elementor-heading-title elementor-size-default\">Exp\u00e9rience intuitive<\/h2>\t\t\t\t<\/div>\n\t\t\t\t<div class=\"elementor-element elementor-element-3f0d703 elementor-widget elementor-widget-text-editor\" data-id=\"3f0d703\" data-element_type=\"widget\" data-e-type=\"widget\" data-widget_type=\"text-editor.default\">\n\t\t\t\t\t\t\t\t\t<p>Interface simple, prise en main rapide sans formation lourde.<\/p>\t\t\t\t\t\t\t\t<\/div>\n\t\t\t\t<\/div>\n\t\t<div class=\"elementor-element elementor-element-4294812 e-con-full e-flex e-con e-child\" data-id=\"4294812\" data-element_type=\"container\" data-e-type=\"container\">\n\t\t\t\t<div class=\"elementor-element elementor-element-e6288f2 elementor-widget elementor-widget-image\" data-id=\"e6288f2\" data-element_type=\"widget\" data-e-type=\"widget\" data-widget_type=\"image.default\">\n\t\t\t\t\t\t\t\t\t\t\t\t\t\t\t<img loading=\"lazy\" decoding=\"async\" width=\"100\" height=\"100\" src=\"https:\/\/www.itworkers.fr\/wp-content\/uploads\/2026\/05\/Icone-4.svg\" class=\"elementor-animation-grow attachment-large size-large wp-image-967\" alt=\"Ic\u00f4ne de d\u00e9ploiement et d&#039;\u00e9volutivit\u00e9 des infrastructures informatiques.\" \/>\t\t\t\t\t\t\t\t\t\t\t\t\t\t\t<\/div>\n\t\t\t\t<div class=\"elementor-element elementor-element-1742ffb elementor-widget elementor-widget-heading\" data-id=\"1742ffb\" data-element_type=\"widget\" data-e-type=\"widget\" data-widget_type=\"heading.default\">\n\t\t\t\t\t<h2 class=\"elementor-heading-title elementor-size-default\">Polyvalence<\/h2>\t\t\t\t<\/div>\n\t\t\t\t<div class=\"elementor-element elementor-element-194d8e9 elementor-widget elementor-widget-text-editor\" data-id=\"194d8e9\" data-element_type=\"widget\" data-e-type=\"widget\" data-widget_type=\"text-editor.default\">\n\t\t\t\t\t\t\t\t\t<p>Adapt\u00e9 aux r\u00e9unions, formations, affichage dynamique ou pr\u00e9sentations commerciales.<\/p>\t\t\t\t\t\t\t\t<\/div>\n\t\t\t\t<\/div>\n\t\t<div class=\"elementor-element elementor-element-c9412c2 e-con-full e-flex e-con e-child\" data-id=\"c9412c2\" data-element_type=\"container\" data-e-type=\"container\">\n\t\t\t\t<div class=\"elementor-element elementor-element-510a48f elementor-widget elementor-widget-image\" data-id=\"510a48f\" data-element_type=\"widget\" data-e-type=\"widget\" data-widget_type=\"image.default\">\n\t\t\t\t\t\t\t\t\t\t\t\t\t\t\t<img loading=\"lazy\" decoding=\"async\" width=\"100\" height=\"100\" src=\"https:\/\/www.itworkers.fr\/wp-content\/uploads\/2026\/05\/Icone-5.svg\" class=\"elementor-animation-grow attachment-large size-large wp-image-968\" alt=\"Ic\u00f4ne mallette noire - Solutions business et services professionnels IT Workers.\" \/>\t\t\t\t\t\t\t\t\t\t\t\t\t\t\t<\/div>\n\t\t\t\t<div class=\"elementor-element elementor-element-6da9ee6 elementor-widget elementor-widget-heading\" data-id=\"6da9ee6\" data-element_type=\"widget\" data-e-type=\"widget\" data-widget_type=\"heading.default\">\n\t\t\t\t\t<h2 class=\"elementor-heading-title elementor-size-default\">Image professionnelle<\/h2>\t\t\t\t<\/div>\n\t\t\t\t<div class=\"elementor-element elementor-element-d56375a elementor-widget elementor-widget-text-editor\" data-id=\"d56375a\" data-element_type=\"widget\" data-e-type=\"widget\" data-widget_type=\"text-editor.default\">\n\t\t\t\t\t\t\t\t\t<p>Valorise vos \u00e9changes avec un rendu moderne et impactant.<\/p>\t\t\t\t\t\t\t\t<\/div>\n\t\t\t\t<\/div>\n\t\t\t\t\t<\/div>\n\t\t\t\t<\/div>\n\t\t\t\t<\/div>\n\t\t<div class=\"elementor-element elementor-element-25a40cbd e-flex e-con-boxed e-con e-parent\" data-id=\"25a40cbd\" data-element_type=\"container\" data-e-type=\"container\" data-settings=\"{&quot;background_background&quot;:&quot;classic&quot;}\">\n\t\t\t\t\t<div class=\"e-con-inner\">\n\t\t\t\t<div class=\"elementor-element elementor-element-6231e2b6 elementor-widget elementor-widget-heading\" data-id=\"6231e2b6\" data-element_type=\"widget\" data-e-type=\"widget\" data-widget_type=\"heading.default\">\n\t\t\t\t\t<h2 class=\"elementor-heading-title elementor-size-default\">Procurez-vous votre \u00e9cran interactif.<\/h2>\t\t\t\t<\/div>\n\t\t\t\t<div class=\"elementor-element elementor-element-285f8d05 elementor-widget elementor-widget-button\" data-id=\"285f8d05\" data-element_type=\"widget\" data-e-type=\"widget\" data-widget_type=\"button.default\">\n\t\t\t\t\t\t\t\t\t\t<a class=\"elementor-button elementor-button-link elementor-size-sm\" href=\"https:\/\/www.itworkers.fr\/index.php\/contact\/\">\n\t\t\t\t\t\t<span class=\"elementor-button-content-wrapper\">\n\t\t\t\t\t\t\t\t\t<span class=\"elementor-button-text\">Prendre contact<\/span>\n\t\t\t\t\t<\/span>\n\t\t\t\t\t<\/a>\n\t\t\t\t\t\t\t\t<\/div>\n\t\t\t\t\t<\/div>\n\t\t\t\t<\/div>\n\t\t\t\t<\/div>\n\t\t","protected":false},"excerpt":{"rendered":"<p>Une solution de collaboration intelligente. \u00c9crans int\u00e9ractifs L\u2019interaction au c\u0153ur de vos \u00e9changes professionnels Les \u00e9crans interactifs transforment vos r\u00e9unions, pr\u00e9sentations et collaborations en v\u00e9ritables exp\u00e9riences dynamiques. De l\u2019installation \u00e0 la prise en main, nous int\u00e9grons des solutions intuitives et performantes qui favorisent le travail collaboratif, le partage instantan\u00e9 de contenus et la fluidit\u00e9 des [&hellip;]<\/p>\n","protected":false},"author":1,"featured_media":0,"parent":0,"menu_order":0,"comment_status":"closed","ping_status":"closed","template":"","meta":{"footnotes":""},"class_list":["post-953","page","type-page","status-publish","hentry"],"_links":{"self":[{"href":"https:\/\/www.itworkers.fr\/index.php\/wp-json\/wp\/v2\/pages\/953","targetHints":{"allow":["GET"]}}],"collection":[{"href":"https:\/\/www.itworkers.fr\/index.php\/wp-json\/wp\/v2\/pages"}],"about":[{"href":"https:\/\/www.itworkers.fr\/index.php\/wp-json\/wp\/v2\/types\/page"}],"author":[{"embeddable":true,"href":"https:\/\/www.itworkers.fr\/index.php\/wp-json\/wp\/v2\/users\/1"}],"replies":[{"embeddable":true,"href":"https:\/\/www.itworkers.fr\/index.php\/wp-json\/wp\/v2\/comments?post=953"}],"version-history":[{"count":0,"href":"https:\/\/www.itworkers.fr\/index.php\/wp-json\/wp\/v2\/pages\/953\/revisions"}],"wp:attachment":[{"href":"https:\/\/www.itworkers.fr\/index.php\/wp-json\/wp\/v2\/media?parent=953"}],"curies":[{"name":"wp","href":"https:\/\/api.w.org\/{rel}","templated":true}]}}